{"id":3100,"date":"2020-06-18T13:03:31","date_gmt":"2020-06-18T13:03:31","guid":{"rendered":"https:\/\/orangotango.info\/critical-mapping\/"},"modified":"2021-05-28T13:42:36","modified_gmt":"2021-05-28T13:42:36","slug":"kritisches-kartieren","status":"publish","type":"page","link":"https:\/\/orangotango.info\/de\/kritisches-kartieren\/","title":{"rendered":"Kritisches Kartieren"},"content":{"rendered":"\n<p class=\"introspace reveal reveal0 load-hidden\">Basierend auf einer langen Tradition von counter-Kartographien aus den Bereichen der Kunst, der Wissenschaft und des politischen Aktivismus, bedienen wir uns der Wirkm\u00e4chtigkeit von Karten um marginalisierte Perspektiven sichtbar zu machen. Dabei ist das kritisches Kartieren ein spielerisches Werkzeug, um gemeinsamen einen Blick auf r\u00e4umliche Strukturen und Prozesse zu werfen, Macht- und Herrschaftsverh\u00e4ltnisse zu hinterfragen und Perspektiven f\u00fcr emanzipatorischen Ans\u00e4tze zu entwickeln.<\/p>\n\n\n\n<div class=\"wp-block-group grid4\"><div class=\"wp-block-group__inner-container is-layout-flow wp-block-group-is-layout-flow\">\n<div class=\"wp-block-cover has-very-dark-gray-background-color reveal reveal1 load-hidden ek-linked-block\"><img decoding=\"async\" width=\"898\" height=\"898\" class=\"wp-block-cover__image-background wp-image-3500\" alt=\"\" src=\"https:\/\/orangotango.info\/wp-content\/uploads\/2020\/10\/tinaa_logo.jpg\" style=\"object-position:50% 50%\" data-object-fit=\"cover\" data-object-position=\"50% 50%\" srcset=\"https:\/\/orangotango.info\/wp-content\/uploads\/2020\/10\/tinaa_logo.jpg 898w, https:\/\/orangotango.info\/wp-content\/uploads\/2020\/10\/tinaa_logo-800x800.jpg 800w, https:\/\/orangotango.info\/wp-content\/uploads\/2020\/10\/tinaa_logo-768x768.jpg 768w\" sizes=\"(max-width: 898px) 100vw, 898px\" \/><div class=\"wp-block-cover__inner-container is-layout-flow wp-block-cover-is-layout-flow\">\n<p class=\"has-text-align-center has-large-font-size\"><strong>Not an Atlas<\/strong><\/p>\n<\/div><a href=\"https:\/\/orangotango.info\/this-is-not-an-atlas\/\" class=\"editorskit-block-link\" rel=\"\"><\/a><\/div>\n\n\n\n<div class=\"wp-block-cover has-very-dark-gray-background-color reveal reveal2 load-hidden ek-linked-block\"><img decoding=\"async\" width=\"960\" height=\"720\" class=\"wp-block-cover__image-background wp-image-3505\" alt=\"\" src=\"https:\/\/orangotango.info\/wp-content\/uploads\/2020\/10\/kollektive-Kartierung_Graz-1.png\" data-object-fit=\"cover\" srcset=\"https:\/\/orangotango.info\/wp-content\/uploads\/2020\/10\/kollektive-Kartierung_Graz-1.png 960w, https:\/\/orangotango.info\/wp-content\/uploads\/2020\/10\/kollektive-Kartierung_Graz-1-800x600.png 800w, https:\/\/orangotango.info\/wp-content\/uploads\/2020\/10\/kollektive-Kartierung_Graz-1-768x576.png 768w\" sizes=\"(max-width: 960px) 100vw, 960px\" \/><div class=\"wp-block-cover__inner-container is-layout-flow wp-block-cover-is-layout-flow\">\n<p class=\"has-text-align-center has-large-font-size\"><strong>Kollektive Kartierungen<\/strong><\/p>\n<\/div><a href=\"https:\/\/orangotango.info\/de\/kategorie\/kollektive-kartierungen\/\" class=\"editorskit-block-link\" rel=\"\"><\/a><\/div>\n\n\n\n<div class=\"wp-block-cover has-very-dark-gray-background-color image3 reveal reveal3 load-hidden ek-linked-block\"><img decoding=\"async\" width=\"760\" height=\"547\" class=\"wp-block-cover__image-background wp-image-3507\" alt=\"\" src=\"https:\/\/orangotango.info\/wp-content\/uploads\/2020\/10\/Kreuzberg-Karte.png\" style=\"object-position:60% 88%\" data-object-fit=\"cover\" data-object-position=\"60% 88%\"\/><div class=\"wp-block-cover__inner-container is-layout-flow wp-block-cover-is-layout-flow\">\n<p class=\"has-text-align-center has-large-font-size\"><strong>Kritische Karten<\/strong><\/p>\n<\/div><a href=\"https:\/\/orangotango.info\/de\/kategorie\/kritische-karten\/\" class=\"editorskit-block-link\" rel=\"\"><\/a><\/div>\n\n\n\n<div class=\"wp-block-cover has-very-dark-gray-background-color reveal reveal4 load-hidden ek-linked-block\"><img decoding=\"async\" width=\"2560\" height=\"1920\" class=\"wp-block-cover__image-background wp-image-3509\" alt=\"\" src=\"https:\/\/orangotango.info\/wp-content\/uploads\/2020\/10\/Kartierungsmaterial_Wien-scaled.jpg\" data-object-fit=\"cover\" srcset=\"https:\/\/orangotango.info\/wp-content\/uploads\/2020\/10\/Kartierungsmaterial_Wien-scaled.jpg 2560w, https:\/\/orangotango.info\/wp-content\/uploads\/2020\/10\/Kartierungsmaterial_Wien-800x600.jpg 800w, https:\/\/orangotango.info\/wp-content\/uploads\/2020\/10\/Kartierungsmaterial_Wien-1200x900.jpg 1200w, https:\/\/orangotango.info\/wp-content\/uploads\/2020\/10\/Kartierungsmaterial_Wien-768x576.jpg 768w, https:\/\/orangotango.info\/wp-content\/uploads\/2020\/10\/Kartierungsmaterial_Wien-1536x1152.jpg 1536w, https:\/\/orangotango.info\/wp-content\/uploads\/2020\/10\/Kartierungsmaterial_Wien-2048x1536.jpg 2048w\" sizes=\"(max-width: 2560px) 100vw, 2560px\" \/><div class=\"wp-block-cover__inner-container is-layout-flow wp-block-cover-is-layout-flow\">\n<p class=\"has-text-align-center has-large-font-size\"><strong>Material<\/strong><\/p>\n<\/div><a href=\"https:\/\/orangotango.info\/de\/kategorie\/material\/\" class=\"editorskit-block-link\" rel=\"\"><\/a><\/div>\n<\/div><\/div>\n\n\n\n<p><\/p>\n","protected":false},"excerpt":{"rendered":"<p>Basierend auf einer langen Tradition von counter-Kartographien aus den Bereichen der Kunst, der Wissenschaft und des politischen Aktivismus, bedienen wir uns der Wirkm\u00e4chtigkeit von Karten um marginalisierte Perspektiven sichtbar zu machen. Dabei ist das kritisches Kartieren ein spielerisches Werkzeug, um gemeinsamen einen Blick auf r\u00e4umliche Strukturen und Prozesse zu werfen, Macht- und Herrschaftsverh\u00e4ltnisse zu hinterfragen [&hellip;]<\/p>\n","protected":false},"author":1,"featured_media":0,"parent":0,"menu_order":0,"comment_status":"closed","ping_status":"closed","template":"","meta":{"_acf_changed":false,"_editorskit_title_hidden":false,"_editorskit_reading_time":1,"_editorskit_is_block_options_detached":false,"_editorskit_block_options_position":"{}","_uag_custom_page_level_css":"","_genesis_hide_title":false,"_genesis_hide_breadcrumbs":false,"_genesis_hide_singular_image":false,"_genesis_hide_footer_widgets":false,"_genesis_custom_body_class":"","_genesis_custom_post_class":"","_genesis_layout":"","footnotes":""},"class_list":{"0":"post-3100","1":"page","2":"type-page","3":"status-publish","5":"entry","6":"has-post-thumbnail","7":"post-number-1"},"featured_image_urls":{"full":"","thumbnail":"","medium":"","medium_large":"","large":"","1536x1536":"","2048x2048":""},"post_excerpt_stackable":"<p>Basierend auf einer langen Tradition von counter-Kartographien aus den Bereichen der Kunst, der Wissenschaft und des politischen Aktivismus, bedienen wir uns der Wirkm\u00e4chtigkeit von Karten um marginalisierte Perspektiven sichtbar zu machen. Dabei ist das kritisches Kartieren ein spielerisches Werkzeug, um gemeinsamen einen Blick auf r\u00e4umliche Strukturen und Prozesse zu werfen, Macht- und Herrschaftsverh\u00e4ltnisse zu hinterfragen und Perspektiven f\u00fcr emanzipatorischen Ans\u00e4tze zu entwickeln. Not an Atlas Kollektive Kartierungen Kritische Karten Material<\/p>\n","category_list":"","author_info":{"name":"Orangotango Kollective","url":"https:\/\/orangotango.info\/de\/author\/redazione\/"},"comments_num":"0 comments","featured_image_urls_v2":{"full":"","thumbnail":"","medium":"","medium_large":"","large":"","1536x1536":"","2048x2048":""},"post_excerpt_stackable_v2":"<p>Basierend auf einer langen Tradition von counter-Kartographien aus den Bereichen der Kunst, der Wissenschaft und des politischen Aktivismus, bedienen wir uns der Wirkm\u00e4chtigkeit von Karten um marginalisierte Perspektiven sichtbar zu machen. Dabei ist das kritisches Kartieren ein spielerisches Werkzeug, um gemeinsamen einen Blick auf r\u00e4umliche Strukturen und Prozesse zu werfen, Macht- und Herrschaftsverh\u00e4ltnisse zu hinterfragen und Perspektiven f\u00fcr emanzipatorischen Ans\u00e4tze zu entwickeln. Not an Atlas Kollektive Kartierungen Kritische Karten Material<\/p>\n","category_list_v2":"","author_info_v2":{"name":"Orangotango Kollective","url":"https:\/\/orangotango.info\/de\/author\/redazione\/"},"comments_num_v2":"0 comments","acf":[],"yoast_head":"<!-- This site is optimized with the Yoast SEO plugin v25.1 - https:\/\/yoast.com\/wordpress\/plugins\/seo\/ -->\n<title>Kritisches Kartieren - Orangotango<\/title>\n<meta name=\"robots\" content=\"index, follow, max-snippet:-1, max-image-preview:large, max-video-preview:-1\" \/>\n<link rel=\"canonical\" href=\"https:\/\/orangotango.info\/de\/kritisches-kartieren\/\" \/>\n<meta property=\"og:locale\" content=\"de_DE\" \/>\n<meta property=\"og:type\" content=\"article\" \/>\n<meta property=\"og:title\" content=\"Kritisches Kartieren - Orangotango\" \/>\n<meta property=\"og:description\" content=\"Basierend auf einer langen Tradition von counter-Kartographien aus den Bereichen der Kunst, der Wissenschaft und des politischen Aktivismus, bedienen wir uns der Wirkm\u00e4chtigkeit von Karten um marginalisierte Perspektiven sichtbar zu machen. Dabei ist das kritisches Kartieren ein spielerisches Werkzeug, um gemeinsamen einen Blick auf r\u00e4umliche Strukturen und Prozesse zu werfen, Macht- und Herrschaftsverh\u00e4ltnisse zu hinterfragen [&hellip;]\" \/>\n<meta property=\"og:url\" content=\"https:\/\/orangotango.info\/de\/kritisches-kartieren\/\" \/>\n<meta property=\"og:site_name\" content=\"Orangotango\" \/>\n<meta property=\"article:modified_time\" content=\"2021-05-28T13:42:36+00:00\" \/>\n<meta property=\"og:image\" content=\"https:\/\/orangotango.info\/wp-content\/uploads\/2020\/10\/tinaa_logo.jpg\" \/>\n<meta name=\"twitter:card\" content=\"summary_large_image\" \/>\n<script type=\"application\/ld+json\" class=\"yoast-schema-graph\">{\"@context\":\"https:\/\/schema.org\",\"@graph\":[{\"@type\":\"WebPage\",\"@id\":\"https:\/\/orangotango.info\/de\/kritisches-kartieren\/\",\"url\":\"https:\/\/orangotango.info\/de\/kritisches-kartieren\/\",\"name\":\"Kritisches Kartieren - Orangotango\",\"isPartOf\":{\"@id\":\"https:\/\/orangotango.info\/de\/#website\"},\"primaryImageOfPage\":{\"@id\":\"https:\/\/orangotango.info\/de\/kritisches-kartieren\/#primaryimage\"},\"image\":{\"@id\":\"https:\/\/orangotango.info\/de\/kritisches-kartieren\/#primaryimage\"},\"thumbnailUrl\":\"https:\/\/orangotango.info\/wp-content\/uploads\/2020\/10\/tinaa_logo.jpg\",\"datePublished\":\"2020-06-18T13:03:31+00:00\",\"dateModified\":\"2021-05-28T13:42:36+00:00\",\"breadcrumb\":{\"@id\":\"https:\/\/orangotango.info\/de\/kritisches-kartieren\/#breadcrumb\"},\"inLanguage\":\"de\",\"potentialAction\":[{\"@type\":\"ReadAction\",\"target\":[\"https:\/\/orangotango.info\/de\/kritisches-kartieren\/\"]}]},{\"@type\":\"ImageObject\",\"inLanguage\":\"de\",\"@id\":\"https:\/\/orangotango.info\/de\/kritisches-kartieren\/#primaryimage\",\"url\":\"https:\/\/orangotango.info\/wp-content\/uploads\/2020\/10\/tinaa_logo.jpg\",\"contentUrl\":\"https:\/\/orangotango.info\/wp-content\/uploads\/2020\/10\/tinaa_logo.jpg\"},{\"@type\":\"BreadcrumbList\",\"@id\":\"https:\/\/orangotango.info\/de\/kritisches-kartieren\/#breadcrumb\",\"itemListElement\":[{\"@type\":\"ListItem\",\"position\":1,\"name\":\"Home\",\"item\":\"https:\/\/orangotango.info\/de\/\"},{\"@type\":\"ListItem\",\"position\":2,\"name\":\"Kritisches Kartieren\"}]},{\"@type\":\"WebSite\",\"@id\":\"https:\/\/orangotango.info\/de\/#website\",\"url\":\"https:\/\/orangotango.info\/de\/\",\"name\":\"Orangotango\",\"description\":\"Collective for Popular Education and Creative Protest\",\"potentialAction\":[{\"@type\":\"SearchAction\",\"target\":{\"@type\":\"EntryPoint\",\"urlTemplate\":\"https:\/\/orangotango.info\/de\/?s={search_term_string}\"},\"query-input\":{\"@type\":\"PropertyValueSpecification\",\"valueRequired\":true,\"valueName\":\"search_term_string\"}}],\"inLanguage\":\"de\"}]}<\/script>\n<!-- \/ Yoast SEO plugin. -->","yoast_head_json":{"title":"Kritisches Kartieren - Orangotango","robots":{"index":"index","follow":"follow","max-snippet":"max-snippet:-1","max-image-preview":"max-image-preview:large","max-video-preview":"max-video-preview:-1"},"canonical":"https:\/\/orangotango.info\/de\/kritisches-kartieren\/","og_locale":"de_DE","og_type":"article","og_title":"Kritisches Kartieren - Orangotango","og_description":"Basierend auf einer langen Tradition von counter-Kartographien aus den Bereichen der Kunst, der Wissenschaft und des politischen Aktivismus, bedienen wir uns der Wirkm\u00e4chtigkeit von Karten um marginalisierte Perspektiven sichtbar zu machen. Dabei ist das kritisches Kartieren ein spielerisches Werkzeug, um gemeinsamen einen Blick auf r\u00e4umliche Strukturen und Prozesse zu werfen, Macht- und Herrschaftsverh\u00e4ltnisse zu hinterfragen [&hellip;]","og_url":"https:\/\/orangotango.info\/de\/kritisches-kartieren\/","og_site_name":"Orangotango","article_modified_time":"2021-05-28T13:42:36+00:00","og_image":[{"url":"https:\/\/orangotango.info\/wp-content\/uploads\/2020\/10\/tinaa_logo.jpg","type":"","width":"","height":""}],"twitter_card":"summary_large_image","schema":{"@context":"https:\/\/schema.org","@graph":[{"@type":"WebPage","@id":"https:\/\/orangotango.info\/de\/kritisches-kartieren\/","url":"https:\/\/orangotango.info\/de\/kritisches-kartieren\/","name":"Kritisches Kartieren - Orangotango","isPartOf":{"@id":"https:\/\/orangotango.info\/de\/#website"},"primaryImageOfPage":{"@id":"https:\/\/orangotango.info\/de\/kritisches-kartieren\/#primaryimage"},"image":{"@id":"https:\/\/orangotango.info\/de\/kritisches-kartieren\/#primaryimage"},"thumbnailUrl":"https:\/\/orangotango.info\/wp-content\/uploads\/2020\/10\/tinaa_logo.jpg","datePublished":"2020-06-18T13:03:31+00:00","dateModified":"2021-05-28T13:42:36+00:00","breadcrumb":{"@id":"https:\/\/orangotango.info\/de\/kritisches-kartieren\/#breadcrumb"},"inLanguage":"de","potentialAction":[{"@type":"ReadAction","target":["https:\/\/orangotango.info\/de\/kritisches-kartieren\/"]}]},{"@type":"ImageObject","inLanguage":"de","@id":"https:\/\/orangotango.info\/de\/kritisches-kartieren\/#primaryimage","url":"https:\/\/orangotango.info\/wp-content\/uploads\/2020\/10\/tinaa_logo.jpg","contentUrl":"https:\/\/orangotango.info\/wp-content\/uploads\/2020\/10\/tinaa_logo.jpg"},{"@type":"BreadcrumbList","@id":"https:\/\/orangotango.info\/de\/kritisches-kartieren\/#breadcrumb","itemListElement":[{"@type":"ListItem","position":1,"name":"Home","item":"https:\/\/orangotango.info\/de\/"},{"@type":"ListItem","position":2,"name":"Kritisches Kartieren"}]},{"@type":"WebSite","@id":"https:\/\/orangotango.info\/de\/#website","url":"https:\/\/orangotango.info\/de\/","name":"Orangotango","description":"Collective for Popular Education and Creative Protest","potentialAction":[{"@type":"SearchAction","target":{"@type":"EntryPoint","urlTemplate":"https:\/\/orangotango.info\/de\/?s={search_term_string}"},"query-input":{"@type":"PropertyValueSpecification","valueRequired":true,"valueName":"search_term_string"}}],"inLanguage":"de"}]}},"uagb_featured_image_src":{"full":false,"thumbnail":false,"medium":false,"medium_large":false,"large":false,"1536x1536":false,"2048x2048":false},"uagb_author_info":{"display_name":"Orangotango Kollective","author_link":"https:\/\/orangotango.info\/de\/author\/redazione\/"},"uagb_comment_info":0,"uagb_excerpt":"Basierend auf einer langen Tradition von counter-Kartographien aus den Bereichen der Kunst, der Wissenschaft und des politischen Aktivismus, bedienen wir uns der Wirkm\u00e4chtigkeit von Karten um marginalisierte Perspektiven sichtbar zu machen. Dabei ist das kritisches Kartieren ein spielerisches Werkzeug, um gemeinsamen einen Blick auf r\u00e4umliche Strukturen und Prozesse zu werfen, Macht- und Herrschaftsverh\u00e4ltnisse zu hinterfragen&hellip;","_links":{"self":[{"href":"https:\/\/orangotango.info\/de\/wp-json\/wp\/v2\/pages\/3100","targetHints":{"allow":["GET"]}}],"collection":[{"href":"https:\/\/orangotango.info\/de\/wp-json\/wp\/v2\/pages"}],"about":[{"href":"https:\/\/orangotango.info\/de\/wp-json\/wp\/v2\/types\/page"}],"author":[{"embeddable":true,"href":"https:\/\/orangotango.info\/de\/wp-json\/wp\/v2\/users\/1"}],"replies":[{"embeddable":true,"href":"https:\/\/orangotango.info\/de\/wp-json\/wp\/v2\/comments?post=3100"}],"version-history":[{"count":13,"href":"https:\/\/orangotango.info\/de\/wp-json\/wp\/v2\/pages\/3100\/revisions"}],"predecessor-version":[{"id":4535,"href":"https:\/\/orangotango.info\/de\/wp-json\/wp\/v2\/pages\/3100\/revisions\/4535"}],"wp:attachment":[{"href":"https:\/\/orangotango.info\/de\/wp-json\/wp\/v2\/media?parent=3100"}],"curies":[{"name":"wp","href":"https:\/\/api.w.org\/{rel}","templated":true}]}}