{"id":3567,"date":"2019-02-01T14:17:35","date_gmt":"2019-02-01T14:17:35","guid":{"rendered":"https:\/\/orangotango.info\/?page_id=3567"},"modified":"2021-06-03T20:14:23","modified_gmt":"2021-06-03T20:14:23","slug":"ueber-uns","status":"publish","type":"page","link":"https:\/\/orangotango.info\/de\/ueber-uns\/","title":{"rendered":"\u00dcber uns"},"content":{"rendered":"\n<div class=\"wp-block-cover has-background-dim\" style=\"min-height:473px;aspect-ratio:unset;\"><img decoding=\"async\" width=\"2560\" height=\"1707\" class=\"wp-block-cover__image-background wp-image-4207\" alt=\"\" src=\"https:\/\/orangotango.info\/wp-content\/uploads\/2021\/04\/kollektiv_orangotango-scaled.jpg\" data-object-fit=\"cover\" srcset=\"https:\/\/orangotango.info\/wp-content\/uploads\/2021\/04\/kollektiv_orangotango-scaled.jpg 2560w, https:\/\/orangotango.info\/wp-content\/uploads\/2021\/04\/kollektiv_orangotango-800x533.jpg 800w, https:\/\/orangotango.info\/wp-content\/uploads\/2021\/04\/kollektiv_orangotango-1200x800.jpg 1200w, https:\/\/orangotango.info\/wp-content\/uploads\/2021\/04\/kollektiv_orangotango-768x512.jpg 768w, https:\/\/orangotango.info\/wp-content\/uploads\/2021\/04\/kollektiv_orangotango-1536x1024.jpg 1536w, https:\/\/orangotango.info\/wp-content\/uploads\/2021\/04\/kollektiv_orangotango-2048x1365.jpg 2048w\" sizes=\"(max-width: 2560px) 100vw, 2560px\" \/><div class=\"wp-block-cover__inner-container is-layout-flow wp-block-cover-is-layout-flow\">\n<p class=\"has-text-align-center has-black-color has-text-color has-large-font-size\"><strong>\u00dcber uns<\/strong><\/p>\n<\/div><\/div>\n\n\n\n<p><\/p>\n\n\n\n<p>Kollektiv orangotango existiert seit 2008. Seitdem entwickelt es sich st\u00e4ndig weiter, als freundschaftlicher Zusammenschluss von kritischen Geograph*innen und Menschen, die sich kritisch mit Fragen um Raum, Macht und Widerstand auseinandersetzen. Im Rahmen eines geographischen Aktivismus wollen wir Prozesse und widerst\u00e4ndige Akteure unterst\u00fctzen, die sozialen Wandel anregen und dabei gelebten gesellschaftlichen Alternativen und marginalisierten Perspektiven mehr Sichtbarkeit verleihen.<\/p>\n\n\n\n<p>Im Zentrum unserer Aktivit\u00e4ten stehen verschiedenste Formen emanzipatorischer Bildungsarbeit sowie konkrete politische und k\u00fcnstlerische Interventionen, die zur Reflexion und Ver\u00e4nderung der bestehenden gesellschaftlichen Verh\u00e4ltnisse beitragen sollen. Durch Workshops, Publikationen, kritische Stadtspazierg\u00e4nge und k\u00fcnstlerische Interventionen im \u00f6ffentlichen Raum versuchen wir den Raum lesen zu lernen und Prozesse und Strukturen anzuregen, die zu dessen Gestaltung und Ver\u00e4nderung beitragen. Dabei bem\u00fchen wir uns in der Tradition von aktivistischen Forschungen und militanten Untersuchungen theoretische Reflexionen und praktische gesellschaftliche Interventionen zu verkn\u00fcpfen. <\/p>\n\n\n\n<p>Aufbauend auf pers\u00f6nlichen Verbindungen engagieren wir uns hierbei insbesondere in den Bereichen Recht auf Stadt, k\u00fcnstlerischer Protest, (urbane) Landwirtschaft und Jugendbildung, vorwiegend in Europa und Lateinamerika. Und das Ganze in kollektiver und selbstorganisierter Praxis nat\u00fcrlich stets \u201elento, pero avanzo\u201c.<\/p>\n\n\n\n<h2 class=\"wp-block-heading\"><\/h2>\n\n\n\n<p><\/p>\n","protected":false},"excerpt":{"rendered":"<p>Kollektiv orangotango existiert seit 2008. Seitdem entwickelt es sich st\u00e4ndig weiter, als freundschaftlicher Zusammenschluss von kritischen Geograph*innen und Menschen, die sich kritisch mit Fragen um Raum, Macht und Widerstand auseinandersetzen. Im Rahmen eines geographischen Aktivismus wollen wir Prozesse und widerst\u00e4ndige Akteure unterst\u00fctzen, die sozialen Wandel anregen und dabei gelebten gesellschaftlichen Alternativen und marginalisierten Perspektiven mehr [&hellip;]<\/p>\n","protected":false},"author":11,"featured_media":0,"parent":0,"menu_order":0,"comment_status":"closed","ping_status":"closed","template":"","meta":{"_acf_changed":false,"_editorskit_title_hidden":false,"_editorskit_reading_time":1,"_editorskit_is_block_options_detached":false,"_editorskit_block_options_position":"{}","_uag_custom_page_level_css":"","_genesis_hide_title":false,"_genesis_hide_breadcrumbs":false,"_genesis_hide_singular_image":false,"_genesis_hide_footer_widgets":false,"_genesis_custom_body_class":"","_genesis_custom_post_class":"","_genesis_layout":"full-width-content","footnotes":""},"class_list":{"0":"post-3567","1":"page","2":"type-page","3":"status-publish","5":"entry","6":"has-post-thumbnail","7":"post-number-1"},"featured_image_urls":{"full":"","thumbnail":"","medium":"","medium_large":"","large":"","1536x1536":"","2048x2048":""},"post_excerpt_stackable":"<p>\u00dcber uns Kollektiv orangotango existiert seit 2008. Seitdem entwickelt es sich st\u00e4ndig weiter, als freundschaftlicher Zusammenschluss von kritischen Geograph*innen und Menschen, die sich kritisch mit Fragen um Raum, Macht und Widerstand auseinandersetzen. Im Rahmen eines geographischen Aktivismus wollen wir Prozesse und widerst\u00e4ndige Akteure unterst\u00fctzen, die sozialen Wandel anregen und dabei gelebten gesellschaftlichen Alternativen und marginalisierten Perspektiven mehr Sichtbarkeit verleihen. Im Zentrum unserer Aktivit\u00e4ten stehen verschiedenste Formen emanzipatorischer Bildungsarbeit sowie konkrete politische und k\u00fcnstlerische Interventionen, die zur Reflexion und Ver\u00e4nderung der bestehenden gesellschaftlichen Verh\u00e4ltnisse beitragen sollen. Durch Workshops, Publikationen, kritische Stadtspazierg\u00e4nge und k\u00fcnstlerische Interventionen im \u00f6ffentlichen Raum versuchen wir den Raum&hellip;<\/p>\n","category_list":"","author_info":{"name":"kollektiv orangotango","url":"https:\/\/orangotango.info\/de\/author\/editor\/"},"comments_num":"0 comments","featured_image_urls_v2":{"full":"","thumbnail":"","medium":"","medium_large":"","large":"","1536x1536":"","2048x2048":""},"post_excerpt_stackable_v2":"<p>\u00dcber uns Kollektiv orangotango existiert seit 2008. Seitdem entwickelt es sich st\u00e4ndig weiter, als freundschaftlicher Zusammenschluss von kritischen Geograph*innen und Menschen, die sich kritisch mit Fragen um Raum, Macht und Widerstand auseinandersetzen. Im Rahmen eines geographischen Aktivismus wollen wir Prozesse und widerst\u00e4ndige Akteure unterst\u00fctzen, die sozialen Wandel anregen und dabei gelebten gesellschaftlichen Alternativen und marginalisierten Perspektiven mehr Sichtbarkeit verleihen. Im Zentrum unserer Aktivit\u00e4ten stehen verschiedenste Formen emanzipatorischer Bildungsarbeit sowie konkrete politische und k\u00fcnstlerische Interventionen, die zur Reflexion und Ver\u00e4nderung der bestehenden gesellschaftlichen Verh\u00e4ltnisse beitragen sollen. Durch Workshops, Publikationen, kritische Stadtspazierg\u00e4nge und k\u00fcnstlerische Interventionen im \u00f6ffentlichen Raum versuchen wir den Raum&hellip;<\/p>\n","category_list_v2":"","author_info_v2":{"name":"kollektiv orangotango","url":"https:\/\/orangotango.info\/de\/author\/editor\/"},"comments_num_v2":"0 comments","acf":[],"yoast_head":"<!-- This site is optimized with the Yoast SEO plugin v25.1 - https:\/\/yoast.com\/wordpress\/plugins\/seo\/ -->\n<title>\u00dcber uns - Orangotango<\/title>\n<meta name=\"robots\" content=\"index, follow, max-snippet:-1, max-image-preview:large, max-video-preview:-1\" \/>\n<link rel=\"canonical\" href=\"https:\/\/orangotango.info\/de\/ueber-uns\/\" \/>\n<meta property=\"og:locale\" content=\"de_DE\" \/>\n<meta property=\"og:type\" content=\"article\" \/>\n<meta property=\"og:title\" content=\"\u00dcber uns - Orangotango\" \/>\n<meta property=\"og:description\" content=\"Kollektiv orangotango existiert seit 2008. Seitdem entwickelt es sich st\u00e4ndig weiter, als freundschaftlicher Zusammenschluss von kritischen Geograph*innen und Menschen, die sich kritisch mit Fragen um Raum, Macht und Widerstand auseinandersetzen. Im Rahmen eines geographischen Aktivismus wollen wir Prozesse und widerst\u00e4ndige Akteure unterst\u00fctzen, die sozialen Wandel anregen und dabei gelebten gesellschaftlichen Alternativen und marginalisierten Perspektiven mehr [&hellip;]\" \/>\n<meta property=\"og:url\" content=\"https:\/\/orangotango.info\/de\/ueber-uns\/\" \/>\n<meta property=\"og:site_name\" content=\"Orangotango\" \/>\n<meta property=\"article:modified_time\" content=\"2021-06-03T20:14:23+00:00\" \/>\n<meta property=\"og:image\" content=\"https:\/\/orangotango.info\/wp-content\/uploads\/2021\/04\/kollektiv_orangotango-scaled.jpg\" \/>\n<meta name=\"twitter:card\" content=\"summary_large_image\" \/>\n<meta name=\"twitter:label1\" content=\"Gesch\u00e4tzte Lesezeit\" \/>\n\t<meta name=\"twitter:data1\" content=\"1\u00a0Minute\" \/>\n<script type=\"application\/ld+json\" class=\"yoast-schema-graph\">{\"@context\":\"https:\/\/schema.org\",\"@graph\":[{\"@type\":\"WebPage\",\"@id\":\"https:\/\/orangotango.info\/de\/ueber-uns\/\",\"url\":\"https:\/\/orangotango.info\/de\/ueber-uns\/\",\"name\":\"\u00dcber uns - Orangotango\",\"isPartOf\":{\"@id\":\"https:\/\/orangotango.info\/de\/#website\"},\"primaryImageOfPage\":{\"@id\":\"https:\/\/orangotango.info\/de\/ueber-uns\/#primaryimage\"},\"image\":{\"@id\":\"https:\/\/orangotango.info\/de\/ueber-uns\/#primaryimage\"},\"thumbnailUrl\":\"https:\/\/orangotango.info\/wp-content\/uploads\/2021\/04\/kollektiv_orangotango-scaled.jpg\",\"datePublished\":\"2019-02-01T14:17:35+00:00\",\"dateModified\":\"2021-06-03T20:14:23+00:00\",\"breadcrumb\":{\"@id\":\"https:\/\/orangotango.info\/de\/ueber-uns\/#breadcrumb\"},\"inLanguage\":\"de\",\"potentialAction\":[{\"@type\":\"ReadAction\",\"target\":[\"https:\/\/orangotango.info\/de\/ueber-uns\/\"]}]},{\"@type\":\"ImageObject\",\"inLanguage\":\"de\",\"@id\":\"https:\/\/orangotango.info\/de\/ueber-uns\/#primaryimage\",\"url\":\"https:\/\/orangotango.info\/wp-content\/uploads\/2021\/04\/kollektiv_orangotango-scaled.jpg\",\"contentUrl\":\"https:\/\/orangotango.info\/wp-content\/uploads\/2021\/04\/kollektiv_orangotango-scaled.jpg\"},{\"@type\":\"BreadcrumbList\",\"@id\":\"https:\/\/orangotango.info\/de\/ueber-uns\/#breadcrumb\",\"itemListElement\":[{\"@type\":\"ListItem\",\"position\":1,\"name\":\"Home\",\"item\":\"https:\/\/orangotango.info\/de\/\"},{\"@type\":\"ListItem\",\"position\":2,\"name\":\"\u00dcber uns\"}]},{\"@type\":\"WebSite\",\"@id\":\"https:\/\/orangotango.info\/de\/#website\",\"url\":\"https:\/\/orangotango.info\/de\/\",\"name\":\"Orangotango\",\"description\":\"Collective for Popular Education and Creative Protest\",\"potentialAction\":[{\"@type\":\"SearchAction\",\"target\":{\"@type\":\"EntryPoint\",\"urlTemplate\":\"https:\/\/orangotango.info\/de\/?s={search_term_string}\"},\"query-input\":{\"@type\":\"PropertyValueSpecification\",\"valueRequired\":true,\"valueName\":\"search_term_string\"}}],\"inLanguage\":\"de\"}]}<\/script>\n<!-- \/ Yoast SEO plugin. -->","yoast_head_json":{"title":"\u00dcber uns - Orangotango","robots":{"index":"index","follow":"follow","max-snippet":"max-snippet:-1","max-image-preview":"max-image-preview:large","max-video-preview":"max-video-preview:-1"},"canonical":"https:\/\/orangotango.info\/de\/ueber-uns\/","og_locale":"de_DE","og_type":"article","og_title":"\u00dcber uns - Orangotango","og_description":"Kollektiv orangotango existiert seit 2008. Seitdem entwickelt es sich st\u00e4ndig weiter, als freundschaftlicher Zusammenschluss von kritischen Geograph*innen und Menschen, die sich kritisch mit Fragen um Raum, Macht und Widerstand auseinandersetzen. Im Rahmen eines geographischen Aktivismus wollen wir Prozesse und widerst\u00e4ndige Akteure unterst\u00fctzen, die sozialen Wandel anregen und dabei gelebten gesellschaftlichen Alternativen und marginalisierten Perspektiven mehr [&hellip;]","og_url":"https:\/\/orangotango.info\/de\/ueber-uns\/","og_site_name":"Orangotango","article_modified_time":"2021-06-03T20:14:23+00:00","og_image":[{"url":"https:\/\/orangotango.info\/wp-content\/uploads\/2021\/04\/kollektiv_orangotango-scaled.jpg","type":"","width":"","height":""}],"twitter_card":"summary_large_image","twitter_misc":{"Gesch\u00e4tzte Lesezeit":"1\u00a0Minute"},"schema":{"@context":"https:\/\/schema.org","@graph":[{"@type":"WebPage","@id":"https:\/\/orangotango.info\/de\/ueber-uns\/","url":"https:\/\/orangotango.info\/de\/ueber-uns\/","name":"\u00dcber uns - Orangotango","isPartOf":{"@id":"https:\/\/orangotango.info\/de\/#website"},"primaryImageOfPage":{"@id":"https:\/\/orangotango.info\/de\/ueber-uns\/#primaryimage"},"image":{"@id":"https:\/\/orangotango.info\/de\/ueber-uns\/#primaryimage"},"thumbnailUrl":"https:\/\/orangotango.info\/wp-content\/uploads\/2021\/04\/kollektiv_orangotango-scaled.jpg","datePublished":"2019-02-01T14:17:35+00:00","dateModified":"2021-06-03T20:14:23+00:00","breadcrumb":{"@id":"https:\/\/orangotango.info\/de\/ueber-uns\/#breadcrumb"},"inLanguage":"de","potentialAction":[{"@type":"ReadAction","target":["https:\/\/orangotango.info\/de\/ueber-uns\/"]}]},{"@type":"ImageObject","inLanguage":"de","@id":"https:\/\/orangotango.info\/de\/ueber-uns\/#primaryimage","url":"https:\/\/orangotango.info\/wp-content\/uploads\/2021\/04\/kollektiv_orangotango-scaled.jpg","contentUrl":"https:\/\/orangotango.info\/wp-content\/uploads\/2021\/04\/kollektiv_orangotango-scaled.jpg"},{"@type":"BreadcrumbList","@id":"https:\/\/orangotango.info\/de\/ueber-uns\/#breadcrumb","itemListElement":[{"@type":"ListItem","position":1,"name":"Home","item":"https:\/\/orangotango.info\/de\/"},{"@type":"ListItem","position":2,"name":"\u00dcber uns"}]},{"@type":"WebSite","@id":"https:\/\/orangotango.info\/de\/#website","url":"https:\/\/orangotango.info\/de\/","name":"Orangotango","description":"Collective for Popular Education and Creative Protest","potentialAction":[{"@type":"SearchAction","target":{"@type":"EntryPoint","urlTemplate":"https:\/\/orangotango.info\/de\/?s={search_term_string}"},"query-input":{"@type":"PropertyValueSpecification","valueRequired":true,"valueName":"search_term_string"}}],"inLanguage":"de"}]}},"uagb_featured_image_src":{"full":false,"thumbnail":false,"medium":false,"medium_large":false,"large":false,"1536x1536":false,"2048x2048":false},"uagb_author_info":{"display_name":"kollektiv orangotango","author_link":"https:\/\/orangotango.info\/de\/author\/editor\/"},"uagb_comment_info":0,"uagb_excerpt":"Kollektiv orangotango existiert seit 2008. Seitdem entwickelt es sich st\u00e4ndig weiter, als freundschaftlicher Zusammenschluss von kritischen Geograph*innen und Menschen, die sich kritisch mit Fragen um Raum, Macht und Widerstand auseinandersetzen. Im Rahmen eines geographischen Aktivismus wollen wir Prozesse und widerst\u00e4ndige Akteure unterst\u00fctzen, die sozialen Wandel anregen und dabei gelebten gesellschaftlichen Alternativen und marginalisierten Perspektiven mehr&hellip;","_links":{"self":[{"href":"https:\/\/orangotango.info\/de\/wp-json\/wp\/v2\/pages\/3567","targetHints":{"allow":["GET"]}}],"collection":[{"href":"https:\/\/orangotango.info\/de\/wp-json\/wp\/v2\/pages"}],"about":[{"href":"https:\/\/orangotango.info\/de\/wp-json\/wp\/v2\/types\/page"}],"author":[{"embeddable":true,"href":"https:\/\/orangotango.info\/de\/wp-json\/wp\/v2\/users\/11"}],"replies":[{"embeddable":true,"href":"https:\/\/orangotango.info\/de\/wp-json\/wp\/v2\/comments?post=3567"}],"version-history":[{"count":10,"href":"https:\/\/orangotango.info\/de\/wp-json\/wp\/v2\/pages\/3567\/revisions"}],"predecessor-version":[{"id":4590,"href":"https:\/\/orangotango.info\/de\/wp-json\/wp\/v2\/pages\/3567\/revisions\/4590"}],"wp:attachment":[{"href":"https:\/\/orangotango.info\/de\/wp-json\/wp\/v2\/media?parent=3567"}],"curies":[{"name":"wp","href":"https:\/\/api.w.org\/{rel}","templated":true}]}}