{"id":4114,"date":"2019-02-01T14:17:35","date_gmt":"2019-02-01T14:17:35","guid":{"rendered":"https:\/\/orangotango.info\/quien-somos\/"},"modified":"2021-06-03T20:15:12","modified_gmt":"2021-06-03T20:15:12","slug":"quien-somos","status":"publish","type":"page","link":"https:\/\/orangotango.info\/es\/quien-somos\/","title":{"rendered":"Qui\u00e9n somos"},"content":{"rendered":"\n<div class=\"wp-block-cover has-background-dim\"><img decoding=\"async\" width=\"2560\" height=\"1707\" class=\"wp-block-cover__image-background wp-image-4209\" alt=\"\" src=\"https:\/\/orangotango.info\/wp-content\/uploads\/2021\/04\/kollektiv_orangotango-scaled.jpg\" data-object-fit=\"cover\" srcset=\"https:\/\/orangotango.info\/wp-content\/uploads\/2021\/04\/kollektiv_orangotango-scaled.jpg 2560w, https:\/\/orangotango.info\/wp-content\/uploads\/2021\/04\/kollektiv_orangotango-800x533.jpg 800w, https:\/\/orangotango.info\/wp-content\/uploads\/2021\/04\/kollektiv_orangotango-1024x683.jpg 1024w, https:\/\/orangotango.info\/wp-content\/uploads\/2021\/04\/kollektiv_orangotango-768x512.jpg 768w, https:\/\/orangotango.info\/wp-content\/uploads\/2021\/04\/kollektiv_orangotango-1536x1024.jpg 1536w, https:\/\/orangotango.info\/wp-content\/uploads\/2021\/04\/kollektiv_orangotango-2048x1365.jpg 2048w\" sizes=\"(max-width: 2560px) 100vw, 2560px\" \/><div class=\"wp-block-cover__inner-container is-layout-flow wp-block-cover-is-layout-flow\">\n<p class=\"has-text-align-center has-black-color has-text-color\"><strong>Qui\u00e9n somos<\/strong><\/p>\n<\/div><\/div>\n\n\n\n<p><br>El colectivo orangotango existe desde 2008, y desde entonces ha seguido evolucionando como una asociaci\u00f3n amistosa de ge\u00f3grafos cr\u00edticos y personas comprometidas cr\u00edticamente con las cuestiones del espacio, el poder y la resistencia. En el marco del activismo geogr\u00e1fico, queremos apoyar procesos y actores resistentes que estimulen el cambio social y den m\u00e1s visibilidad a las alternativas sociales vividas y a las perspectivas marginadas.<\/p>\n\n\n\n<p>Nuestras actividades se centran en diversas formas de trabajo educativo emancipador, as\u00ed como en intervenciones pol\u00edticas y art\u00edsticas concretas que pretenden contribuir a la reflexi\u00f3n y al cambio de las condiciones sociales existentes. A trav\u00e9s de talleres, publicaciones, paseos cr\u00edticos por la ciudad e intervenciones art\u00edsticas en el espacio p\u00fablico, intentamos aprender a leer el espacio y estimular procesos y estructuras que contribuyan a su dise\u00f1o y cambio. Al hacerlo, nos esforzamos por vincular las reflexiones te\u00f3ricas y las intervenciones sociales pr\u00e1cticas en la tradici\u00f3n de la investigaci\u00f3n activista y las investigaciones militantes.<\/p>\n\n\n\n<p>Bas\u00e1ndonos en conexiones personales, nos dedicamos especialmente a los campos del derecho a la ciudad, la protesta art\u00edstica, la agricultura (urbana) y la educaci\u00f3n de los j\u00f3venes, principalmente en Europa y Am\u00e9rica Latina. Y todo ello en una pr\u00e1ctica colectiva y autoorganizada, por supuesto, siempre \u00ablento, pero avanzo\u00bb.<\/p>\n\n\n\n<h2 class=\"wp-block-heading\"><\/h2>\n","protected":false},"excerpt":{"rendered":"<p>El colectivo orangotango existe desde 2008, y desde entonces ha seguido evolucionando como una asociaci\u00f3n amistosa de ge\u00f3grafos cr\u00edticos y personas comprometidas cr\u00edticamente con las cuestiones del espacio, el poder y la resistencia. En el marco del activismo geogr\u00e1fico, queremos apoyar procesos y actores resistentes que estimulen el cambio social y den m\u00e1s visibilidad a [&hellip;]<\/p>\n","protected":false},"author":1,"featured_media":0,"parent":0,"menu_order":0,"comment_status":"closed","ping_status":"closed","template":"","meta":{"_acf_changed":false,"_editorskit_title_hidden":false,"_editorskit_reading_time":1,"_editorskit_is_block_options_detached":false,"_editorskit_block_options_position":"{}","_uag_custom_page_level_css":"","_genesis_hide_title":false,"_genesis_hide_breadcrumbs":false,"_genesis_hide_singular_image":false,"_genesis_hide_footer_widgets":false,"_genesis_custom_body_class":"","_genesis_custom_post_class":"","_genesis_layout":"full-width-content","footnotes":""},"class_list":{"0":"post-4114","1":"page","2":"type-page","3":"status-publish","5":"entry","6":"has-post-thumbnail","7":"post-number-1"},"featured_image_urls":{"full":"","thumbnail":"","medium":"","medium_large":"","large":"","1536x1536":"","2048x2048":""},"post_excerpt_stackable":"<p>Qui\u00e9n somos El colectivo orangotango existe desde 2008, y desde entonces ha seguido evolucionando como una asociaci\u00f3n amistosa de ge\u00f3grafos cr\u00edticos y personas comprometidas cr\u00edticamente con las cuestiones del espacio, el poder y la resistencia. En el marco del activismo geogr\u00e1fico, queremos apoyar procesos y actores resistentes que estimulen el cambio social y den m\u00e1s visibilidad a las alternativas sociales vividas y a las perspectivas marginadas. Nuestras actividades se centran en diversas formas de trabajo educativo emancipador, as\u00ed como en intervenciones pol\u00edticas y art\u00edsticas concretas que pretenden contribuir a la reflexi\u00f3n y al cambio de las condiciones sociales existentes. A&hellip;<\/p>\n","category_list":"","author_info":{"name":"Orangotango Kollective","url":"https:\/\/orangotango.info\/es\/author\/redazione\/"},"comments_num":"0 comentarios","featured_image_urls_v2":{"full":"","thumbnail":"","medium":"","medium_large":"","large":"","1536x1536":"","2048x2048":""},"post_excerpt_stackable_v2":"<p>Qui\u00e9n somos El colectivo orangotango existe desde 2008, y desde entonces ha seguido evolucionando como una asociaci\u00f3n amistosa de ge\u00f3grafos cr\u00edticos y personas comprometidas cr\u00edticamente con las cuestiones del espacio, el poder y la resistencia. En el marco del activismo geogr\u00e1fico, queremos apoyar procesos y actores resistentes que estimulen el cambio social y den m\u00e1s visibilidad a las alternativas sociales vividas y a las perspectivas marginadas. Nuestras actividades se centran en diversas formas de trabajo educativo emancipador, as\u00ed como en intervenciones pol\u00edticas y art\u00edsticas concretas que pretenden contribuir a la reflexi\u00f3n y al cambio de las condiciones sociales existentes. A&hellip;<\/p>\n","category_list_v2":"","author_info_v2":{"name":"Orangotango Kollective","url":"https:\/\/orangotango.info\/es\/author\/redazione\/"},"comments_num_v2":"0 comentarios","acf":[],"yoast_head":"<!-- This site is optimized with the Yoast SEO plugin v25.1 - https:\/\/yoast.com\/wordpress\/plugins\/seo\/ -->\n<title>Qui\u00e9n somos - Orangotango<\/title>\n<meta name=\"robots\" content=\"index, follow, max-snippet:-1, max-image-preview:large, max-video-preview:-1\" \/>\n<link rel=\"canonical\" href=\"https:\/\/orangotango.info\/es\/quien-somos\/\" \/>\n<meta property=\"og:locale\" content=\"es_ES\" \/>\n<meta property=\"og:type\" content=\"article\" \/>\n<meta property=\"og:title\" content=\"Qui\u00e9n somos - Orangotango\" \/>\n<meta property=\"og:description\" content=\"El colectivo orangotango existe desde 2008, y desde entonces ha seguido evolucionando como una asociaci\u00f3n amistosa de ge\u00f3grafos cr\u00edticos y personas comprometidas cr\u00edticamente con las cuestiones del espacio, el poder y la resistencia. En el marco del activismo geogr\u00e1fico, queremos apoyar procesos y actores resistentes que estimulen el cambio social y den m\u00e1s visibilidad a [&hellip;]\" \/>\n<meta property=\"og:url\" content=\"https:\/\/orangotango.info\/es\/quien-somos\/\" \/>\n<meta property=\"og:site_name\" content=\"Orangotango\" \/>\n<meta property=\"article:modified_time\" content=\"2021-06-03T20:15:12+00:00\" \/>\n<meta property=\"og:image\" content=\"https:\/\/orangotango.info\/wp-content\/uploads\/2021\/04\/kollektiv_orangotango-scaled.jpg\" \/>\n<meta name=\"twitter:card\" content=\"summary_large_image\" \/>\n<meta name=\"twitter:label1\" content=\"Tiempo de lectura\" \/>\n\t<meta name=\"twitter:data1\" content=\"1 minuto\" \/>\n<script type=\"application\/ld+json\" class=\"yoast-schema-graph\">{\"@context\":\"https:\/\/schema.org\",\"@graph\":[{\"@type\":\"WebPage\",\"@id\":\"https:\/\/orangotango.info\/es\/quien-somos\/\",\"url\":\"https:\/\/orangotango.info\/es\/quien-somos\/\",\"name\":\"Qui\u00e9n somos - Orangotango\",\"isPartOf\":{\"@id\":\"https:\/\/orangotango.info\/es\/#website\"},\"primaryImageOfPage\":{\"@id\":\"https:\/\/orangotango.info\/es\/quien-somos\/#primaryimage\"},\"image\":{\"@id\":\"https:\/\/orangotango.info\/es\/quien-somos\/#primaryimage\"},\"thumbnailUrl\":\"https:\/\/orangotango.info\/wp-content\/uploads\/2021\/04\/kollektiv_orangotango-scaled.jpg\",\"datePublished\":\"2019-02-01T14:17:35+00:00\",\"dateModified\":\"2021-06-03T20:15:12+00:00\",\"breadcrumb\":{\"@id\":\"https:\/\/orangotango.info\/es\/quien-somos\/#breadcrumb\"},\"inLanguage\":\"es\",\"potentialAction\":[{\"@type\":\"ReadAction\",\"target\":[\"https:\/\/orangotango.info\/es\/quien-somos\/\"]}]},{\"@type\":\"ImageObject\",\"inLanguage\":\"es\",\"@id\":\"https:\/\/orangotango.info\/es\/quien-somos\/#primaryimage\",\"url\":\"https:\/\/orangotango.info\/wp-content\/uploads\/2021\/04\/kollektiv_orangotango-scaled.jpg\",\"contentUrl\":\"https:\/\/orangotango.info\/wp-content\/uploads\/2021\/04\/kollektiv_orangotango-scaled.jpg\"},{\"@type\":\"BreadcrumbList\",\"@id\":\"https:\/\/orangotango.info\/es\/quien-somos\/#breadcrumb\",\"itemListElement\":[{\"@type\":\"ListItem\",\"position\":1,\"name\":\"Home\",\"item\":\"https:\/\/orangotango.info\/es\/\"},{\"@type\":\"ListItem\",\"position\":2,\"name\":\"Qui\u00e9n somos\"}]},{\"@type\":\"WebSite\",\"@id\":\"https:\/\/orangotango.info\/es\/#website\",\"url\":\"https:\/\/orangotango.info\/es\/\",\"name\":\"Orangotango\",\"description\":\"Collective for Popular Education and Creative Protest\",\"potentialAction\":[{\"@type\":\"SearchAction\",\"target\":{\"@type\":\"EntryPoint\",\"urlTemplate\":\"https:\/\/orangotango.info\/es\/?s={search_term_string}\"},\"query-input\":{\"@type\":\"PropertyValueSpecification\",\"valueRequired\":true,\"valueName\":\"search_term_string\"}}],\"inLanguage\":\"es\"}]}<\/script>\n<!-- \/ Yoast SEO plugin. -->","yoast_head_json":{"title":"Qui\u00e9n somos - Orangotango","robots":{"index":"index","follow":"follow","max-snippet":"max-snippet:-1","max-image-preview":"max-image-preview:large","max-video-preview":"max-video-preview:-1"},"canonical":"https:\/\/orangotango.info\/es\/quien-somos\/","og_locale":"es_ES","og_type":"article","og_title":"Qui\u00e9n somos - Orangotango","og_description":"El colectivo orangotango existe desde 2008, y desde entonces ha seguido evolucionando como una asociaci\u00f3n amistosa de ge\u00f3grafos cr\u00edticos y personas comprometidas cr\u00edticamente con las cuestiones del espacio, el poder y la resistencia. En el marco del activismo geogr\u00e1fico, queremos apoyar procesos y actores resistentes que estimulen el cambio social y den m\u00e1s visibilidad a [&hellip;]","og_url":"https:\/\/orangotango.info\/es\/quien-somos\/","og_site_name":"Orangotango","article_modified_time":"2021-06-03T20:15:12+00:00","og_image":[{"url":"https:\/\/orangotango.info\/wp-content\/uploads\/2021\/04\/kollektiv_orangotango-scaled.jpg","type":"","width":"","height":""}],"twitter_card":"summary_large_image","twitter_misc":{"Tiempo de lectura":"1 minuto"},"schema":{"@context":"https:\/\/schema.org","@graph":[{"@type":"WebPage","@id":"https:\/\/orangotango.info\/es\/quien-somos\/","url":"https:\/\/orangotango.info\/es\/quien-somos\/","name":"Qui\u00e9n somos - Orangotango","isPartOf":{"@id":"https:\/\/orangotango.info\/es\/#website"},"primaryImageOfPage":{"@id":"https:\/\/orangotango.info\/es\/quien-somos\/#primaryimage"},"image":{"@id":"https:\/\/orangotango.info\/es\/quien-somos\/#primaryimage"},"thumbnailUrl":"https:\/\/orangotango.info\/wp-content\/uploads\/2021\/04\/kollektiv_orangotango-scaled.jpg","datePublished":"2019-02-01T14:17:35+00:00","dateModified":"2021-06-03T20:15:12+00:00","breadcrumb":{"@id":"https:\/\/orangotango.info\/es\/quien-somos\/#breadcrumb"},"inLanguage":"es","potentialAction":[{"@type":"ReadAction","target":["https:\/\/orangotango.info\/es\/quien-somos\/"]}]},{"@type":"ImageObject","inLanguage":"es","@id":"https:\/\/orangotango.info\/es\/quien-somos\/#primaryimage","url":"https:\/\/orangotango.info\/wp-content\/uploads\/2021\/04\/kollektiv_orangotango-scaled.jpg","contentUrl":"https:\/\/orangotango.info\/wp-content\/uploads\/2021\/04\/kollektiv_orangotango-scaled.jpg"},{"@type":"BreadcrumbList","@id":"https:\/\/orangotango.info\/es\/quien-somos\/#breadcrumb","itemListElement":[{"@type":"ListItem","position":1,"name":"Home","item":"https:\/\/orangotango.info\/es\/"},{"@type":"ListItem","position":2,"name":"Qui\u00e9n somos"}]},{"@type":"WebSite","@id":"https:\/\/orangotango.info\/es\/#website","url":"https:\/\/orangotango.info\/es\/","name":"Orangotango","description":"Collective for Popular Education and Creative Protest","potentialAction":[{"@type":"SearchAction","target":{"@type":"EntryPoint","urlTemplate":"https:\/\/orangotango.info\/es\/?s={search_term_string}"},"query-input":{"@type":"PropertyValueSpecification","valueRequired":true,"valueName":"search_term_string"}}],"inLanguage":"es"}]}},"uagb_featured_image_src":{"full":false,"thumbnail":false,"medium":false,"medium_large":false,"large":false,"1536x1536":false,"2048x2048":false},"uagb_author_info":{"display_name":"Orangotango Kollective","author_link":"https:\/\/orangotango.info\/es\/author\/redazione\/"},"uagb_comment_info":0,"uagb_excerpt":"El colectivo orangotango existe desde 2008, y desde entonces ha seguido evolucionando como una asociaci\u00f3n amistosa de ge\u00f3grafos cr\u00edticos y personas comprometidas cr\u00edticamente con las cuestiones del espacio, el poder y la resistencia. En el marco del activismo geogr\u00e1fico, queremos apoyar procesos y actores resistentes que estimulen el cambio social y den m\u00e1s visibilidad a&hellip;","_links":{"self":[{"href":"https:\/\/orangotango.info\/es\/wp-json\/wp\/v2\/pages\/4114","targetHints":{"allow":["GET"]}}],"collection":[{"href":"https:\/\/orangotango.info\/es\/wp-json\/wp\/v2\/pages"}],"about":[{"href":"https:\/\/orangotango.info\/es\/wp-json\/wp\/v2\/types\/page"}],"author":[{"embeddable":true,"href":"https:\/\/orangotango.info\/es\/wp-json\/wp\/v2\/users\/1"}],"replies":[{"embeddable":true,"href":"https:\/\/orangotango.info\/es\/wp-json\/wp\/v2\/comments?post=4114"}],"version-history":[{"count":7,"href":"https:\/\/orangotango.info\/es\/wp-json\/wp\/v2\/pages\/4114\/revisions"}],"predecessor-version":[{"id":4592,"href":"https:\/\/orangotango.info\/es\/wp-json\/wp\/v2\/pages\/4114\/revisions\/4592"}],"wp:attachment":[{"href":"https:\/\/orangotango.info\/es\/wp-json\/wp\/v2\/media?parent=4114"}],"curies":[{"name":"wp","href":"https:\/\/api.w.org\/{rel}","templated":true}]}}