{"id":4167,"date":"2020-05-01T06:50:40","date_gmt":"2020-05-01T06:50:40","guid":{"rendered":"https:\/\/orangotango.info\/?page_id=4167"},"modified":"2021-06-14T12:20:25","modified_gmt":"2021-06-14T12:20:25","slug":"educacion-popular","status":"publish","type":"page","link":"https:\/\/orangotango.info\/es\/educacion-popular\/","title":{"rendered":"Educaci\u00f3n popular"},"content":{"rendered":"\n<p class=\"reveal reveal0 load-hidden catdescription\">Consideramos nuestro trabajo educativo en la tradici\u00f3n de la educaci\u00f3n popular como un aprendizaje dialogante que, partiendo del entorno cotidiano concreto, apoya a las personas en el camino emancipativo hacia una reflexi\u00f3n cr\u00edtica sobre el propio entorno y c\u00f3mo transformarlo.<\/p>\n\n\n\n<div class=\"wp-block-group grid4\"><div class=\"wp-block-group__inner-container is-layout-flow wp-block-group-is-layout-flow\">\n<div class=\"wp-block-cover has-very-dark-gray-background-color reveal reveal1 load-hidden ek-linked-block\"><img decoding=\"async\" width=\"766\" height=\"734\" class=\"wp-block-cover__image-background wp-image-3578\" alt=\"\" src=\"https:\/\/orangotango.info\/wp-content\/uploads\/2020\/10\/Jugendbildung_ornangotango.jpg\" data-object-fit=\"cover\"\/><div class=\"wp-block-cover__inner-container is-layout-flow wp-block-cover-is-layout-flow\">\n<p class=\"has-text-align-center has-large-font-size\"><strong>Educaci\u00f3n con j\u00f3venes<\/strong><\/p>\n<\/div><a href=\"https:\/\/orangotango.info\/es\/categoria\/educacion-con-jovenes\/\" class=\"editorskit-block-link\" rel=\"\"><\/a><\/div>\n\n\n\n<div class=\"wp-block-cover has-very-dark-gray-background-color reveal reveal2 load-hidden ek-linked-block\"><img decoding=\"async\" width=\"2560\" height=\"1920\" class=\"wp-block-cover__image-background wp-image-5539\" alt=\"\" src=\"https:\/\/orangotango.info\/wp-content\/uploads\/2020\/10\/RM_Vortrag-scaled.jpg\" data-object-fit=\"cover\" srcset=\"https:\/\/orangotango.info\/wp-content\/uploads\/2020\/10\/RM_Vortrag-scaled.jpg 2560w, https:\/\/orangotango.info\/wp-content\/uploads\/2020\/10\/RM_Vortrag-800x600.jpg 800w, https:\/\/orangotango.info\/wp-content\/uploads\/2020\/10\/RM_Vortrag-1200x900.jpg 1200w, https:\/\/orangotango.info\/wp-content\/uploads\/2020\/10\/RM_Vortrag-768x576.jpg 768w, https:\/\/orangotango.info\/wp-content\/uploads\/2020\/10\/RM_Vortrag-1536x1152.jpg 1536w, https:\/\/orangotango.info\/wp-content\/uploads\/2020\/10\/RM_Vortrag-2048x1536.jpg 2048w\" sizes=\"(max-width: 2560px) 100vw, 2560px\" \/><div class=\"wp-block-cover__inner-container is-layout-flow wp-block-cover-is-layout-flow\">\n<p class=\"has-text-align-center has-large-font-size\"><strong>Charlas<\/strong><\/p>\n<\/div><a href=\"https:\/\/orangotango.info\/category\/talks\/\" class=\"editorskit-block-link\" rel=\"\"><\/a><\/div>\n\n\n\n<div class=\"wp-block-cover has-very-dark-gray-background-color reveal reveal3 load-hidden ek-linked-block\"><img decoding=\"async\" width=\"2412\" height=\"1920\" class=\"wp-block-cover__image-background wp-image-5537\" alt=\"\" src=\"https:\/\/orangotango.info\/wp-content\/uploads\/2020\/10\/Medellin_by_bike.jpg\" data-object-fit=\"cover\" srcset=\"https:\/\/orangotango.info\/wp-content\/uploads\/2020\/10\/Medellin_by_bike.jpg 2412w, https:\/\/orangotango.info\/wp-content\/uploads\/2020\/10\/Medellin_by_bike-800x637.jpg 800w, https:\/\/orangotango.info\/wp-content\/uploads\/2020\/10\/Medellin_by_bike-1200x955.jpg 1200w, https:\/\/orangotango.info\/wp-content\/uploads\/2020\/10\/Medellin_by_bike-768x611.jpg 768w, https:\/\/orangotango.info\/wp-content\/uploads\/2020\/10\/Medellin_by_bike-1536x1223.jpg 1536w, https:\/\/orangotango.info\/wp-content\/uploads\/2020\/10\/Medellin_by_bike-2048x1630.jpg 2048w\" sizes=\"(max-width: 2412px) 100vw, 2412px\" \/><div class=\"wp-block-cover__inner-container is-layout-flow wp-block-cover-is-layout-flow\">\n<p class=\"has-text-align-center has-large-font-size\"><strong>Tours<\/strong><\/p>\n<\/div><a href=\"https:\/\/orangotango.info\/category\/tours\/\" class=\"editorskit-block-link\" rel=\"\"><\/a><\/div>\n\n\n\n<div class=\"wp-block-cover has-very-dark-gray-background-color reveal reveal4 load-hidden ek-linked-block\"><img decoding=\"async\" width=\"1564\" height=\"906\" class=\"wp-block-cover__image-background wp-image-5538\" alt=\"\" src=\"https:\/\/orangotango.info\/wp-content\/uploads\/2020\/10\/TINNA-Exhibition.jpg\" data-object-fit=\"cover\" srcset=\"https:\/\/orangotango.info\/wp-content\/uploads\/2020\/10\/TINNA-Exhibition.jpg 1564w, https:\/\/orangotango.info\/wp-content\/uploads\/2020\/10\/TINNA-Exhibition-800x463.jpg 800w, https:\/\/orangotango.info\/wp-content\/uploads\/2020\/10\/TINNA-Exhibition-1200x695.jpg 1200w, https:\/\/orangotango.info\/wp-content\/uploads\/2020\/10\/TINNA-Exhibition-380x220.jpg 380w, https:\/\/orangotango.info\/wp-content\/uploads\/2020\/10\/TINNA-Exhibition-768x445.jpg 768w, https:\/\/orangotango.info\/wp-content\/uploads\/2020\/10\/TINNA-Exhibition-1536x890.jpg 1536w\" sizes=\"(max-width: 1564px) 100vw, 1564px\" \/><div class=\"wp-block-cover__inner-container is-layout-flow wp-block-cover-is-layout-flow\">\n<p class=\"has-text-align-center has-large-font-size\"><strong>Exposiciones<\/strong><\/p>\n<\/div><a href=\"https:\/\/orangotango.info\/es\/categoria\/exposiciones\/\" class=\"editorskit-block-link\" rel=\"\"><\/a><\/div>\n<\/div><\/div>\n\n\n\n<p><\/p>\n","protected":false},"excerpt":{"rendered":"<p>Consideramos nuestro trabajo educativo en la tradici\u00f3n de la educaci\u00f3n popular como un aprendizaje dialogante que, partiendo del entorno cotidiano concreto, apoya a las personas en el camino emancipativo hacia una reflexi\u00f3n cr\u00edtica sobre el propio entorno y c\u00f3mo transformarlo.<\/p>\n","protected":false},"author":1,"featured_media":0,"parent":0,"menu_order":0,"comment_status":"closed","ping_status":"closed","template":"","meta":{"_acf_changed":false,"_editorskit_title_hidden":false,"_editorskit_reading_time":1,"_editorskit_is_block_options_detached":false,"_editorskit_block_options_position":"{}","_uag_custom_page_level_css":"","_genesis_hide_title":false,"_genesis_hide_breadcrumbs":false,"_genesis_hide_singular_image":false,"_genesis_hide_footer_widgets":false,"_genesis_custom_body_class":"","_genesis_custom_post_class":"","_genesis_layout":"","footnotes":""},"class_list":{"0":"post-4167","1":"page","2":"type-page","3":"status-publish","5":"entry","6":"has-post-thumbnail","7":"post-number-1"},"featured_image_urls":{"full":"","thumbnail":"","medium":"","medium_large":"","large":"","1536x1536":"","2048x2048":""},"post_excerpt_stackable":"<p>Consideramos nuestro trabajo educativo en la tradici\u00f3n de la educaci\u00f3n popular como un aprendizaje dialogante que, partiendo del entorno cotidiano concreto, apoya a las personas en el camino emancipativo hacia una reflexi\u00f3n cr\u00edtica sobre el propio entorno y c\u00f3mo transformarlo. Educaci\u00f3n con j\u00f3venes Charlas Tours Exposiciones<\/p>\n","category_list":"","author_info":{"name":"Orangotango Kollective","url":"https:\/\/orangotango.info\/es\/author\/redazione\/"},"comments_num":"0 comentarios","featured_image_urls_v2":{"full":"","thumbnail":"","medium":"","medium_large":"","large":"","1536x1536":"","2048x2048":""},"post_excerpt_stackable_v2":"<p>Consideramos nuestro trabajo educativo en la tradici\u00f3n de la educaci\u00f3n popular como un aprendizaje dialogante que, partiendo del entorno cotidiano concreto, apoya a las personas en el camino emancipativo hacia una reflexi\u00f3n cr\u00edtica sobre el propio entorno y c\u00f3mo transformarlo. Educaci\u00f3n con j\u00f3venes Charlas Tours Exposiciones<\/p>\n","category_list_v2":"","author_info_v2":{"name":"Orangotango Kollective","url":"https:\/\/orangotango.info\/es\/author\/redazione\/"},"comments_num_v2":"0 comentarios","acf":[],"yoast_head":"<!-- This site is optimized with the Yoast SEO plugin v25.1 - https:\/\/yoast.com\/wordpress\/plugins\/seo\/ -->\n<title>Educaci\u00f3n popular - Orangotango<\/title>\n<meta name=\"robots\" content=\"index, follow, max-snippet:-1, max-image-preview:large, max-video-preview:-1\" \/>\n<link rel=\"canonical\" href=\"https:\/\/orangotango.info\/es\/educacion-popular\/\" \/>\n<meta property=\"og:locale\" content=\"es_ES\" \/>\n<meta property=\"og:type\" content=\"article\" \/>\n<meta property=\"og:title\" content=\"Educaci\u00f3n popular - Orangotango\" \/>\n<meta property=\"og:description\" content=\"Consideramos nuestro trabajo educativo en la tradici\u00f3n de la educaci\u00f3n popular como un aprendizaje dialogante que, partiendo del entorno cotidiano concreto, apoya a las personas en el camino emancipativo hacia una reflexi\u00f3n cr\u00edtica sobre el propio entorno y c\u00f3mo transformarlo.\" \/>\n<meta property=\"og:url\" content=\"https:\/\/orangotango.info\/es\/educacion-popular\/\" \/>\n<meta property=\"og:site_name\" content=\"Orangotango\" \/>\n<meta property=\"article:modified_time\" content=\"2021-06-14T12:20:25+00:00\" \/>\n<meta property=\"og:image\" content=\"https:\/\/orangotango.info\/wp-content\/uploads\/2020\/10\/Jugendbildung_ornangotango.jpg\" \/>\n<meta name=\"twitter:card\" content=\"summary_large_image\" \/>\n<meta name=\"twitter:label1\" content=\"Tiempo de lectura\" \/>\n\t<meta name=\"twitter:data1\" content=\"2 minutos\" \/>\n<script type=\"application\/ld+json\" class=\"yoast-schema-graph\">{\"@context\":\"https:\/\/schema.org\",\"@graph\":[{\"@type\":\"WebPage\",\"@id\":\"https:\/\/orangotango.info\/es\/educacion-popular\/\",\"url\":\"https:\/\/orangotango.info\/es\/educacion-popular\/\",\"name\":\"Educaci\u00f3n popular - Orangotango\",\"isPartOf\":{\"@id\":\"https:\/\/orangotango.info\/es\/#website\"},\"primaryImageOfPage\":{\"@id\":\"https:\/\/orangotango.info\/es\/educacion-popular\/#primaryimage\"},\"image\":{\"@id\":\"https:\/\/orangotango.info\/es\/educacion-popular\/#primaryimage\"},\"thumbnailUrl\":\"https:\/\/orangotango.info\/wp-content\/uploads\/2020\/10\/Jugendbildung_ornangotango.jpg\",\"datePublished\":\"2020-05-01T06:50:40+00:00\",\"dateModified\":\"2021-06-14T12:20:25+00:00\",\"breadcrumb\":{\"@id\":\"https:\/\/orangotango.info\/es\/educacion-popular\/#breadcrumb\"},\"inLanguage\":\"es\",\"potentialAction\":[{\"@type\":\"ReadAction\",\"target\":[\"https:\/\/orangotango.info\/es\/educacion-popular\/\"]}]},{\"@type\":\"ImageObject\",\"inLanguage\":\"es\",\"@id\":\"https:\/\/orangotango.info\/es\/educacion-popular\/#primaryimage\",\"url\":\"https:\/\/orangotango.info\/wp-content\/uploads\/2020\/10\/Jugendbildung_ornangotango.jpg\",\"contentUrl\":\"https:\/\/orangotango.info\/wp-content\/uploads\/2020\/10\/Jugendbildung_ornangotango.jpg\"},{\"@type\":\"BreadcrumbList\",\"@id\":\"https:\/\/orangotango.info\/es\/educacion-popular\/#breadcrumb\",\"itemListElement\":[{\"@type\":\"ListItem\",\"position\":1,\"name\":\"Home\",\"item\":\"https:\/\/orangotango.info\/es\/\"},{\"@type\":\"ListItem\",\"position\":2,\"name\":\"Educaci\u00f3n popular\"}]},{\"@type\":\"WebSite\",\"@id\":\"https:\/\/orangotango.info\/es\/#website\",\"url\":\"https:\/\/orangotango.info\/es\/\",\"name\":\"Orangotango\",\"description\":\"Collective for Popular Education and Creative Protest\",\"potentialAction\":[{\"@type\":\"SearchAction\",\"target\":{\"@type\":\"EntryPoint\",\"urlTemplate\":\"https:\/\/orangotango.info\/es\/?s={search_term_string}\"},\"query-input\":{\"@type\":\"PropertyValueSpecification\",\"valueRequired\":true,\"valueName\":\"search_term_string\"}}],\"inLanguage\":\"es\"}]}<\/script>\n<!-- \/ Yoast SEO plugin. -->","yoast_head_json":{"title":"Educaci\u00f3n popular - Orangotango","robots":{"index":"index","follow":"follow","max-snippet":"max-snippet:-1","max-image-preview":"max-image-preview:large","max-video-preview":"max-video-preview:-1"},"canonical":"https:\/\/orangotango.info\/es\/educacion-popular\/","og_locale":"es_ES","og_type":"article","og_title":"Educaci\u00f3n popular - Orangotango","og_description":"Consideramos nuestro trabajo educativo en la tradici\u00f3n de la educaci\u00f3n popular como un aprendizaje dialogante que, partiendo del entorno cotidiano concreto, apoya a las personas en el camino emancipativo hacia una reflexi\u00f3n cr\u00edtica sobre el propio entorno y c\u00f3mo transformarlo.","og_url":"https:\/\/orangotango.info\/es\/educacion-popular\/","og_site_name":"Orangotango","article_modified_time":"2021-06-14T12:20:25+00:00","og_image":[{"url":"https:\/\/orangotango.info\/wp-content\/uploads\/2020\/10\/Jugendbildung_ornangotango.jpg","type":"","width":"","height":""}],"twitter_card":"summary_large_image","twitter_misc":{"Tiempo de lectura":"2 minutos"},"schema":{"@context":"https:\/\/schema.org","@graph":[{"@type":"WebPage","@id":"https:\/\/orangotango.info\/es\/educacion-popular\/","url":"https:\/\/orangotango.info\/es\/educacion-popular\/","name":"Educaci\u00f3n popular - Orangotango","isPartOf":{"@id":"https:\/\/orangotango.info\/es\/#website"},"primaryImageOfPage":{"@id":"https:\/\/orangotango.info\/es\/educacion-popular\/#primaryimage"},"image":{"@id":"https:\/\/orangotango.info\/es\/educacion-popular\/#primaryimage"},"thumbnailUrl":"https:\/\/orangotango.info\/wp-content\/uploads\/2020\/10\/Jugendbildung_ornangotango.jpg","datePublished":"2020-05-01T06:50:40+00:00","dateModified":"2021-06-14T12:20:25+00:00","breadcrumb":{"@id":"https:\/\/orangotango.info\/es\/educacion-popular\/#breadcrumb"},"inLanguage":"es","potentialAction":[{"@type":"ReadAction","target":["https:\/\/orangotango.info\/es\/educacion-popular\/"]}]},{"@type":"ImageObject","inLanguage":"es","@id":"https:\/\/orangotango.info\/es\/educacion-popular\/#primaryimage","url":"https:\/\/orangotango.info\/wp-content\/uploads\/2020\/10\/Jugendbildung_ornangotango.jpg","contentUrl":"https:\/\/orangotango.info\/wp-content\/uploads\/2020\/10\/Jugendbildung_ornangotango.jpg"},{"@type":"BreadcrumbList","@id":"https:\/\/orangotango.info\/es\/educacion-popular\/#breadcrumb","itemListElement":[{"@type":"ListItem","position":1,"name":"Home","item":"https:\/\/orangotango.info\/es\/"},{"@type":"ListItem","position":2,"name":"Educaci\u00f3n popular"}]},{"@type":"WebSite","@id":"https:\/\/orangotango.info\/es\/#website","url":"https:\/\/orangotango.info\/es\/","name":"Orangotango","description":"Collective for Popular Education and Creative Protest","potentialAction":[{"@type":"SearchAction","target":{"@type":"EntryPoint","urlTemplate":"https:\/\/orangotango.info\/es\/?s={search_term_string}"},"query-input":{"@type":"PropertyValueSpecification","valueRequired":true,"valueName":"search_term_string"}}],"inLanguage":"es"}]}},"uagb_featured_image_src":{"full":false,"thumbnail":false,"medium":false,"medium_large":false,"large":false,"1536x1536":false,"2048x2048":false},"uagb_author_info":{"display_name":"Orangotango Kollective","author_link":"https:\/\/orangotango.info\/es\/author\/redazione\/"},"uagb_comment_info":0,"uagb_excerpt":"Consideramos nuestro trabajo educativo en la tradici\u00f3n de la educaci\u00f3n popular como un aprendizaje dialogante que, partiendo del entorno cotidiano concreto, apoya a las personas en el camino emancipativo hacia una reflexi\u00f3n cr\u00edtica sobre el propio entorno y c\u00f3mo transformarlo.","_links":{"self":[{"href":"https:\/\/orangotango.info\/es\/wp-json\/wp\/v2\/pages\/4167","targetHints":{"allow":["GET"]}}],"collection":[{"href":"https:\/\/orangotango.info\/es\/wp-json\/wp\/v2\/pages"}],"about":[{"href":"https:\/\/orangotango.info\/es\/wp-json\/wp\/v2\/types\/page"}],"author":[{"embeddable":true,"href":"https:\/\/orangotango.info\/es\/wp-json\/wp\/v2\/users\/1"}],"replies":[{"embeddable":true,"href":"https:\/\/orangotango.info\/es\/wp-json\/wp\/v2\/comments?post=4167"}],"version-history":[{"count":9,"href":"https:\/\/orangotango.info\/es\/wp-json\/wp\/v2\/pages\/4167\/revisions"}],"predecessor-version":[{"id":6256,"href":"https:\/\/orangotango.info\/es\/wp-json\/wp\/v2\/pages\/4167\/revisions\/6256"}],"wp:attachment":[{"href":"https:\/\/orangotango.info\/es\/wp-json\/wp\/v2\/media?parent=4167"}],"curies":[{"name":"wp","href":"https:\/\/api.w.org\/{rel}","templated":true}]}}