{"id":4170,"date":"2020-05-21T12:40:28","date_gmt":"2020-05-21T12:40:28","guid":{"rendered":"https:\/\/orangotango.info\/?page_id=4170"},"modified":"2021-06-14T09:54:20","modified_gmt":"2021-06-14T09:54:20","slug":"investigacion-desde-abajo","status":"publish","type":"page","link":"https:\/\/orangotango.info\/es\/investigacion-desde-abajo\/","title":{"rendered":"Investigaci\u00f3n desde abajo"},"content":{"rendered":"\n<p class=\"reveal reveal0 load-hidden\">Enraizadxs en la tradici\u00f3n de la investigaci\u00f3n-acci\u00f3n, especialmente en la investigaci\u00f3n militante, practicamos un di\u00e1logo constante entre la acci\u00f3n y la reflexi\u00f3n. Nuestro contexto activista y militante constituye la base de nuestra investigaci\u00f3n y define su orientaci\u00f3n.<\/p>\n\n\n\n<div class=\"wp-block-group grid4\"><div class=\"wp-block-group__inner-container is-layout-flow wp-block-group-is-layout-flow\">\n<div class=\"wp-block-cover has-very-dark-gray-background-color reveal reveal1 load-hidden ek-linked-block\"><img decoding=\"async\" width=\"1924\" height=\"1282\" class=\"wp-block-cover__image-background wp-image-3996\" alt=\"\" src=\"https:\/\/orangotango.info\/wp-content\/uploads\/2021\/04\/Solidarische_Raume__kooperative_Perspektiven-1.jpg\" data-object-fit=\"cover\" srcset=\"https:\/\/orangotango.info\/wp-content\/uploads\/2021\/04\/Solidarische_Raume__kooperative_Perspektiven-1.jpg 1924w, https:\/\/orangotango.info\/wp-content\/uploads\/2021\/04\/Solidarische_Raume__kooperative_Perspektiven-1-800x533.jpg 800w, https:\/\/orangotango.info\/wp-content\/uploads\/2021\/04\/Solidarische_Raume__kooperative_Perspektiven-1-1024x682.jpg 1024w, https:\/\/orangotango.info\/wp-content\/uploads\/2021\/04\/Solidarische_Raume__kooperative_Perspektiven-1-768x512.jpg 768w, https:\/\/orangotango.info\/wp-content\/uploads\/2021\/04\/Solidarische_Raume__kooperative_Perspektiven-1-1536x1023.jpg 1536w\" sizes=\"(max-width: 1924px) 100vw, 1924px\" \/><div class=\"wp-block-cover__inner-container is-layout-flow wp-block-cover-is-layout-flow\">\n<p class=\"has-text-align-center has-large-font-size\"><strong>Publicaciones<\/strong><\/p>\n<\/div><a href=\"https:\/\/orangotango.info\/publications\/\" class=\"editorskit-block-link\" rel=\"\"><\/a><\/div>\n\n\n\n<div class=\"wp-block-cover has-very-dark-gray-background-color reveal reveal2 load-hidden ek-linked-block\"><img decoding=\"async\" width=\"2560\" height=\"1707\" class=\"wp-block-cover__image-background wp-image-5543\" alt=\"\" src=\"https:\/\/orangotango.info\/wp-content\/uploads\/2020\/10\/TINNA-scaled.jpg\" data-object-fit=\"cover\" srcset=\"https:\/\/orangotango.info\/wp-content\/uploads\/2020\/10\/TINNA-scaled.jpg 2560w, https:\/\/orangotango.info\/wp-content\/uploads\/2020\/10\/TINNA-800x533.jpg 800w, https:\/\/orangotango.info\/wp-content\/uploads\/2020\/10\/TINNA-1200x800.jpg 1200w, https:\/\/orangotango.info\/wp-content\/uploads\/2020\/10\/TINNA-768x512.jpg 768w, https:\/\/orangotango.info\/wp-content\/uploads\/2020\/10\/TINNA-1536x1024.jpg 1536w, https:\/\/orangotango.info\/wp-content\/uploads\/2020\/10\/TINNA-2048x1365.jpg 2048w\" sizes=\"(max-width: 2560px) 100vw, 2560px\" \/><div class=\"wp-block-cover__inner-container is-layout-flow wp-block-cover-is-layout-flow\">\n<p class=\"has-text-align-center has-large-font-size\"><strong>Eventos acad\u00e9micos<\/strong><\/p>\n<\/div><a href=\"https:\/\/orangotango.info\/es\/categoria\/eventos-academicos\/\" class=\"editorskit-block-link\" rel=\"\"><\/a><\/div>\n<\/div><\/div>\n\n\n\n<p><\/p>\n","protected":false},"excerpt":{"rendered":"<p>Enraizadxs en la tradici\u00f3n de la investigaci\u00f3n-acci\u00f3n, especialmente en la investigaci\u00f3n militante, practicamos un di\u00e1logo constante entre la acci\u00f3n y la reflexi\u00f3n. Nuestro contexto activista y militante constituye la base de nuestra investigaci\u00f3n y define su orientaci\u00f3n.<\/p>\n","protected":false},"author":1,"featured_media":0,"parent":0,"menu_order":0,"comment_status":"closed","ping_status":"closed","template":"","meta":{"_acf_changed":false,"_editorskit_title_hidden":false,"_editorskit_reading_time":1,"_editorskit_is_block_options_detached":false,"_editorskit_block_options_position":"{}","_uag_custom_page_level_css":"","_genesis_hide_title":false,"_genesis_hide_breadcrumbs":false,"_genesis_hide_singular_image":false,"_genesis_hide_footer_widgets":false,"_genesis_custom_body_class":"","_genesis_custom_post_class":"","_genesis_layout":"","footnotes":""},"class_list":{"0":"post-4170","1":"page","2":"type-page","3":"status-publish","5":"entry","6":"has-post-thumbnail","7":"post-number-1"},"featured_image_urls":{"full":"","thumbnail":"","medium":"","medium_large":"","large":"","1536x1536":"","2048x2048":""},"post_excerpt_stackable":"<p>Enraizadxs en la tradici\u00f3n de la investigaci\u00f3n-acci\u00f3n, especialmente en la investigaci\u00f3n militante, practicamos un di\u00e1logo constante entre la acci\u00f3n y la reflexi\u00f3n. Nuestro contexto activista y militante constituye la base de nuestra investigaci\u00f3n y define su orientaci\u00f3n. Publicaciones Eventos acad\u00e9micos<\/p>\n","category_list":"","author_info":{"name":"Orangotango Kollective","url":"https:\/\/orangotango.info\/es\/author\/redazione\/"},"comments_num":"0 comentarios","featured_image_urls_v2":{"full":"","thumbnail":"","medium":"","medium_large":"","large":"","1536x1536":"","2048x2048":""},"post_excerpt_stackable_v2":"<p>Enraizadxs en la tradici\u00f3n de la investigaci\u00f3n-acci\u00f3n, especialmente en la investigaci\u00f3n militante, practicamos un di\u00e1logo constante entre la acci\u00f3n y la reflexi\u00f3n. Nuestro contexto activista y militante constituye la base de nuestra investigaci\u00f3n y define su orientaci\u00f3n. Publicaciones Eventos acad\u00e9micos<\/p>\n","category_list_v2":"","author_info_v2":{"name":"Orangotango Kollective","url":"https:\/\/orangotango.info\/es\/author\/redazione\/"},"comments_num_v2":"0 comentarios","acf":[],"yoast_head":"<!-- This site is optimized with the Yoast SEO plugin v25.1 - https:\/\/yoast.com\/wordpress\/plugins\/seo\/ -->\n<title>Investigaci\u00f3n desde abajo - Orangotango<\/title>\n<meta name=\"robots\" content=\"index, follow, max-snippet:-1, max-image-preview:large, max-video-preview:-1\" \/>\n<link rel=\"canonical\" href=\"https:\/\/orangotango.info\/es\/investigacion-desde-abajo\/\" \/>\n<meta property=\"og:locale\" content=\"es_ES\" \/>\n<meta property=\"og:type\" content=\"article\" \/>\n<meta property=\"og:title\" content=\"Investigaci\u00f3n desde abajo - Orangotango\" \/>\n<meta property=\"og:description\" content=\"Enraizadxs en la tradici\u00f3n de la investigaci\u00f3n-acci\u00f3n, especialmente en la investigaci\u00f3n militante, practicamos un di\u00e1logo constante entre la acci\u00f3n y la reflexi\u00f3n. Nuestro contexto activista y militante constituye la base de nuestra investigaci\u00f3n y define su orientaci\u00f3n.\" \/>\n<meta property=\"og:url\" content=\"https:\/\/orangotango.info\/es\/investigacion-desde-abajo\/\" \/>\n<meta property=\"og:site_name\" content=\"Orangotango\" \/>\n<meta property=\"article:modified_time\" content=\"2021-06-14T09:54:20+00:00\" \/>\n<meta property=\"og:image\" content=\"https:\/\/orangotango.info\/wp-content\/uploads\/2021\/04\/Solidarische_Raume__kooperative_Perspektiven-1.jpg\" \/>\n<meta name=\"twitter:card\" content=\"summary_large_image\" \/>\n<meta name=\"twitter:label1\" content=\"Tiempo de lectura\" \/>\n\t<meta name=\"twitter:data1\" content=\"1 minuto\" \/>\n<script type=\"application\/ld+json\" class=\"yoast-schema-graph\">{\"@context\":\"https:\/\/schema.org\",\"@graph\":[{\"@type\":\"WebPage\",\"@id\":\"https:\/\/orangotango.info\/es\/investigacion-desde-abajo\/\",\"url\":\"https:\/\/orangotango.info\/es\/investigacion-desde-abajo\/\",\"name\":\"Investigaci\u00f3n desde abajo - Orangotango\",\"isPartOf\":{\"@id\":\"https:\/\/orangotango.info\/es\/#website\"},\"primaryImageOfPage\":{\"@id\":\"https:\/\/orangotango.info\/es\/investigacion-desde-abajo\/#primaryimage\"},\"image\":{\"@id\":\"https:\/\/orangotango.info\/es\/investigacion-desde-abajo\/#primaryimage\"},\"thumbnailUrl\":\"https:\/\/orangotango.info\/wp-content\/uploads\/2021\/04\/Solidarische_Raume__kooperative_Perspektiven-1.jpg\",\"datePublished\":\"2020-05-21T12:40:28+00:00\",\"dateModified\":\"2021-06-14T09:54:20+00:00\",\"breadcrumb\":{\"@id\":\"https:\/\/orangotango.info\/es\/investigacion-desde-abajo\/#breadcrumb\"},\"inLanguage\":\"es\",\"potentialAction\":[{\"@type\":\"ReadAction\",\"target\":[\"https:\/\/orangotango.info\/es\/investigacion-desde-abajo\/\"]}]},{\"@type\":\"ImageObject\",\"inLanguage\":\"es\",\"@id\":\"https:\/\/orangotango.info\/es\/investigacion-desde-abajo\/#primaryimage\",\"url\":\"https:\/\/orangotango.info\/wp-content\/uploads\/2021\/04\/Solidarische_Raume__kooperative_Perspektiven-1.jpg\",\"contentUrl\":\"https:\/\/orangotango.info\/wp-content\/uploads\/2021\/04\/Solidarische_Raume__kooperative_Perspektiven-1.jpg\"},{\"@type\":\"BreadcrumbList\",\"@id\":\"https:\/\/orangotango.info\/es\/investigacion-desde-abajo\/#breadcrumb\",\"itemListElement\":[{\"@type\":\"ListItem\",\"position\":1,\"name\":\"Home\",\"item\":\"https:\/\/orangotango.info\/es\/\"},{\"@type\":\"ListItem\",\"position\":2,\"name\":\"Investigaci\u00f3n desde abajo\"}]},{\"@type\":\"WebSite\",\"@id\":\"https:\/\/orangotango.info\/es\/#website\",\"url\":\"https:\/\/orangotango.info\/es\/\",\"name\":\"Orangotango\",\"description\":\"Collective for Popular Education and Creative Protest\",\"potentialAction\":[{\"@type\":\"SearchAction\",\"target\":{\"@type\":\"EntryPoint\",\"urlTemplate\":\"https:\/\/orangotango.info\/es\/?s={search_term_string}\"},\"query-input\":{\"@type\":\"PropertyValueSpecification\",\"valueRequired\":true,\"valueName\":\"search_term_string\"}}],\"inLanguage\":\"es\"}]}<\/script>\n<!-- \/ Yoast SEO plugin. -->","yoast_head_json":{"title":"Investigaci\u00f3n desde abajo - Orangotango","robots":{"index":"index","follow":"follow","max-snippet":"max-snippet:-1","max-image-preview":"max-image-preview:large","max-video-preview":"max-video-preview:-1"},"canonical":"https:\/\/orangotango.info\/es\/investigacion-desde-abajo\/","og_locale":"es_ES","og_type":"article","og_title":"Investigaci\u00f3n desde abajo - Orangotango","og_description":"Enraizadxs en la tradici\u00f3n de la investigaci\u00f3n-acci\u00f3n, especialmente en la investigaci\u00f3n militante, practicamos un di\u00e1logo constante entre la acci\u00f3n y la reflexi\u00f3n. Nuestro contexto activista y militante constituye la base de nuestra investigaci\u00f3n y define su orientaci\u00f3n.","og_url":"https:\/\/orangotango.info\/es\/investigacion-desde-abajo\/","og_site_name":"Orangotango","article_modified_time":"2021-06-14T09:54:20+00:00","og_image":[{"url":"https:\/\/orangotango.info\/wp-content\/uploads\/2021\/04\/Solidarische_Raume__kooperative_Perspektiven-1.jpg","type":"","width":"","height":""}],"twitter_card":"summary_large_image","twitter_misc":{"Tiempo de lectura":"1 minuto"},"schema":{"@context":"https:\/\/schema.org","@graph":[{"@type":"WebPage","@id":"https:\/\/orangotango.info\/es\/investigacion-desde-abajo\/","url":"https:\/\/orangotango.info\/es\/investigacion-desde-abajo\/","name":"Investigaci\u00f3n desde abajo - Orangotango","isPartOf":{"@id":"https:\/\/orangotango.info\/es\/#website"},"primaryImageOfPage":{"@id":"https:\/\/orangotango.info\/es\/investigacion-desde-abajo\/#primaryimage"},"image":{"@id":"https:\/\/orangotango.info\/es\/investigacion-desde-abajo\/#primaryimage"},"thumbnailUrl":"https:\/\/orangotango.info\/wp-content\/uploads\/2021\/04\/Solidarische_Raume__kooperative_Perspektiven-1.jpg","datePublished":"2020-05-21T12:40:28+00:00","dateModified":"2021-06-14T09:54:20+00:00","breadcrumb":{"@id":"https:\/\/orangotango.info\/es\/investigacion-desde-abajo\/#breadcrumb"},"inLanguage":"es","potentialAction":[{"@type":"ReadAction","target":["https:\/\/orangotango.info\/es\/investigacion-desde-abajo\/"]}]},{"@type":"ImageObject","inLanguage":"es","@id":"https:\/\/orangotango.info\/es\/investigacion-desde-abajo\/#primaryimage","url":"https:\/\/orangotango.info\/wp-content\/uploads\/2021\/04\/Solidarische_Raume__kooperative_Perspektiven-1.jpg","contentUrl":"https:\/\/orangotango.info\/wp-content\/uploads\/2021\/04\/Solidarische_Raume__kooperative_Perspektiven-1.jpg"},{"@type":"BreadcrumbList","@id":"https:\/\/orangotango.info\/es\/investigacion-desde-abajo\/#breadcrumb","itemListElement":[{"@type":"ListItem","position":1,"name":"Home","item":"https:\/\/orangotango.info\/es\/"},{"@type":"ListItem","position":2,"name":"Investigaci\u00f3n desde abajo"}]},{"@type":"WebSite","@id":"https:\/\/orangotango.info\/es\/#website","url":"https:\/\/orangotango.info\/es\/","name":"Orangotango","description":"Collective for Popular Education and Creative Protest","potentialAction":[{"@type":"SearchAction","target":{"@type":"EntryPoint","urlTemplate":"https:\/\/orangotango.info\/es\/?s={search_term_string}"},"query-input":{"@type":"PropertyValueSpecification","valueRequired":true,"valueName":"search_term_string"}}],"inLanguage":"es"}]}},"uagb_featured_image_src":{"full":false,"thumbnail":false,"medium":false,"medium_large":false,"large":false,"1536x1536":false,"2048x2048":false},"uagb_author_info":{"display_name":"Orangotango Kollective","author_link":"https:\/\/orangotango.info\/es\/author\/redazione\/"},"uagb_comment_info":0,"uagb_excerpt":"Enraizadxs en la tradici\u00f3n de la investigaci\u00f3n-acci\u00f3n, especialmente en la investigaci\u00f3n militante, practicamos un di\u00e1logo constante entre la acci\u00f3n y la reflexi\u00f3n. Nuestro contexto activista y militante constituye la base de nuestra investigaci\u00f3n y define su orientaci\u00f3n.","_links":{"self":[{"href":"https:\/\/orangotango.info\/es\/wp-json\/wp\/v2\/pages\/4170","targetHints":{"allow":["GET"]}}],"collection":[{"href":"https:\/\/orangotango.info\/es\/wp-json\/wp\/v2\/pages"}],"about":[{"href":"https:\/\/orangotango.info\/es\/wp-json\/wp\/v2\/types\/page"}],"author":[{"embeddable":true,"href":"https:\/\/orangotango.info\/es\/wp-json\/wp\/v2\/users\/1"}],"replies":[{"embeddable":true,"href":"https:\/\/orangotango.info\/es\/wp-json\/wp\/v2\/comments?post=4170"}],"version-history":[{"count":5,"href":"https:\/\/orangotango.info\/es\/wp-json\/wp\/v2\/pages\/4170\/revisions"}],"predecessor-version":[{"id":6241,"href":"https:\/\/orangotango.info\/es\/wp-json\/wp\/v2\/pages\/4170\/revisions\/6241"}],"wp:attachment":[{"href":"https:\/\/orangotango.info\/es\/wp-json\/wp\/v2\/media?parent=4170"}],"curies":[{"name":"wp","href":"https:\/\/api.w.org\/{rel}","templated":true}]}}