{"id":4173,"date":"2020-06-18T13:03:31","date_gmt":"2020-06-18T13:03:31","guid":{"rendered":"https:\/\/orangotango.info\/?page_id=4173"},"modified":"2021-06-16T22:38:05","modified_gmt":"2021-06-16T22:38:05","slug":"cartografia-critica","status":"publish","type":"page","link":"https:\/\/orangotango.info\/es\/cartografia-critica\/","title":{"rendered":"Cartograf\u00eda cr\u00edtica"},"content":{"rendered":"\n<p class=\"has-text-align-center has-very-dark-gray-color has-text-color\">Bas\u00e1ndonos en una larga tradici\u00f3n de contracartograf\u00edas en los campos del arte, la ciencia y el activismo, utilizamos el poder de los mapas para hacer visibles todas aquellas perspectivas marginalizadas. El mapeo colectivo es una herramienta l\u00fadica por medio de la cual podemos analizar y visibilizar estructuras y procesos espaciales, pero tambi\u00e9n cuestionar el poder y las relaciones de poder y as\u00ed desarrollar pr\u00e1cticas y perspectivas emancipatorias.<\/p>\n\n\n\n<div class=\"wp-block-group grid4\"><div class=\"wp-block-group__inner-container is-layout-flow wp-block-group-is-layout-flow\">\n<div class=\"wp-block-cover has-very-dark-gray-background-color is-position-center-center image3 reveal load-hidden reveal1 ek-linked-block\"><img decoding=\"async\" width=\"898\" height=\"898\" class=\"wp-block-cover__image-background wp-image-4182\" alt=\"\" src=\"https:\/\/orangotango.info\/wp-content\/uploads\/2020\/10\/tinaa_logo.jpg\" style=\"object-position:50% 50%\" data-object-fit=\"cover\" data-object-position=\"50% 50%\" srcset=\"https:\/\/orangotango.info\/wp-content\/uploads\/2020\/10\/tinaa_logo.jpg 898w, https:\/\/orangotango.info\/wp-content\/uploads\/2020\/10\/tinaa_logo-800x800.jpg 800w, https:\/\/orangotango.info\/wp-content\/uploads\/2020\/10\/tinaa_logo-380x380.jpg 380w, https:\/\/orangotango.info\/wp-content\/uploads\/2020\/10\/tinaa_logo-768x768.jpg 768w, https:\/\/orangotango.info\/wp-content\/uploads\/2020\/10\/tinaa_logo-40x40.jpg 40w\" sizes=\"(max-width: 898px) 100vw, 898px\" \/><div class=\"wp-block-cover__inner-container is-layout-flow wp-block-cover-is-layout-flow\">\n<p class=\"has-text-align-center has-large-font-size\"><strong>Este No Es un Atlas<\/strong><\/p>\n<\/div><a href=\"https:\/\/orangotango.info\/es\/este-no-es-un-atlas\/\" class=\"editorskit-block-link\" rel=\"\"><\/a><\/div>\n\n\n\n<div class=\"wp-block-cover has-very-dark-gray-background-color image3 reveal reveal2 load-hidden ek-linked-block\"><img decoding=\"async\" width=\"960\" height=\"720\" class=\"wp-block-cover__image-background wp-image-4185\" alt=\"\" src=\"https:\/\/orangotango.info\/wp-content\/uploads\/2020\/10\/kollektive-Kartierung_Graz-1.png\" data-object-fit=\"cover\" srcset=\"https:\/\/orangotango.info\/wp-content\/uploads\/2020\/10\/kollektive-Kartierung_Graz-1.png 960w, https:\/\/orangotango.info\/wp-content\/uploads\/2020\/10\/kollektive-Kartierung_Graz-1-800x600.png 800w, https:\/\/orangotango.info\/wp-content\/uploads\/2020\/10\/kollektive-Kartierung_Graz-1-768x576.png 768w\" sizes=\"(max-width: 960px) 100vw, 960px\" \/><div class=\"wp-block-cover__inner-container is-layout-flow wp-block-cover-is-layout-flow\">\n<p class=\"has-text-align-center has-large-font-size\"><strong>Mapeo colectivo<\/strong><\/p>\n<\/div><a href=\"https:\/\/orangotango.info\/es\/categoria\/mapeo-colectivo\/\" class=\"editorskit-block-link\" rel=\"\"><\/a><\/div>\n\n\n\n<div class=\"wp-block-cover has-very-dark-gray-background-color image3 reveal reveal3 load-hidden ek-linked-block\"><img decoding=\"async\" width=\"760\" height=\"547\" class=\"wp-block-cover__image-background wp-image-4186\" alt=\"\" src=\"https:\/\/orangotango.info\/wp-content\/uploads\/2020\/10\/Kreuzberg-Karte.png\" data-object-fit=\"cover\"\/><div class=\"wp-block-cover__inner-container is-layout-flow wp-block-cover-is-layout-flow\">\n<p class=\"has-text-align-center has-large-font-size\"><strong>Mapas crit\u00edcos<\/strong><\/p>\n<\/div><a href=\"https:\/\/orangotango.info\/es\/categoria\/mapas-criticos\/\" class=\"editorskit-block-link\" rel=\"\"><\/a><\/div>\n\n\n\n<div class=\"wp-block-cover has-very-dark-gray-background-color reveal reveal4 load-hidden ek-linked-block\" style=\"min-height:434px;aspect-ratio:unset;\"><img decoding=\"async\" width=\"2560\" height=\"1920\" class=\"wp-block-cover__image-background wp-image-4183\" alt=\"\" src=\"https:\/\/orangotango.info\/wp-content\/uploads\/2020\/10\/Kartierungsmaterial_Wien-scaled.jpg\" data-object-fit=\"cover\" srcset=\"https:\/\/orangotango.info\/wp-content\/uploads\/2020\/10\/Kartierungsmaterial_Wien-scaled.jpg 2560w, https:\/\/orangotango.info\/wp-content\/uploads\/2020\/10\/Kartierungsmaterial_Wien-800x600.jpg 800w, https:\/\/orangotango.info\/wp-content\/uploads\/2020\/10\/Kartierungsmaterial_Wien-1024x768.jpg 1024w, https:\/\/orangotango.info\/wp-content\/uploads\/2020\/10\/Kartierungsmaterial_Wien-768x576.jpg 768w, https:\/\/orangotango.info\/wp-content\/uploads\/2020\/10\/Kartierungsmaterial_Wien-1536x1152.jpg 1536w, https:\/\/orangotango.info\/wp-content\/uploads\/2020\/10\/Kartierungsmaterial_Wien-2048x1536.jpg 2048w\" sizes=\"(max-width: 2560px) 100vw, 2560px\" \/><div class=\"wp-block-cover__inner-container is-layout-flow wp-block-cover-is-layout-flow\">\n<p class=\"has-text-align-center has-large-font-size\"><strong>Recursos<\/strong><\/p>\n<\/div><a href=\"https:\/\/orangotango.info\/es\/categoria\/recursos\/\" class=\"editorskit-block-link\" rel=\"\"><\/a><\/div>\n<\/div><\/div>\n\n\n\n<p><\/p>\n","protected":false},"excerpt":{"rendered":"<p>Bas\u00e1ndonos en una larga tradici\u00f3n de contracartograf\u00edas en los campos del arte, la ciencia y el activismo, utilizamos el poder de los mapas para hacer visibles todas aquellas perspectivas marginalizadas. El mapeo colectivo es una herramienta l\u00fadica por medio de la cual podemos analizar y visibilizar estructuras y procesos espaciales, pero tambi\u00e9n cuestionar el poder [&hellip;]<\/p>\n","protected":false},"author":1,"featured_media":0,"parent":0,"menu_order":0,"comment_status":"closed","ping_status":"closed","template":"","meta":{"_acf_changed":false,"_editorskit_title_hidden":false,"_editorskit_reading_time":1,"_editorskit_is_block_options_detached":false,"_editorskit_block_options_position":"{}","_uag_custom_page_level_css":"","_genesis_hide_title":false,"_genesis_hide_breadcrumbs":false,"_genesis_hide_singular_image":false,"_genesis_hide_footer_widgets":false,"_genesis_custom_body_class":"","_genesis_custom_post_class":"","_genesis_layout":"","footnotes":""},"class_list":{"0":"post-4173","1":"page","2":"type-page","3":"status-publish","5":"entry","6":"has-post-thumbnail","7":"post-number-1"},"featured_image_urls":{"full":"","thumbnail":"","medium":"","medium_large":"","large":"","1536x1536":"","2048x2048":""},"post_excerpt_stackable":"<p>Bas\u00e1ndonos en una larga tradici\u00f3n de contracartograf\u00edas en los campos del arte, la ciencia y el activismo, utilizamos el poder de los mapas para hacer visibles todas aquellas perspectivas marginalizadas. El mapeo colectivo es una herramienta l\u00fadica por medio de la cual podemos analizar y visibilizar estructuras y procesos espaciales, pero tambi\u00e9n cuestionar el poder y las relaciones de poder y as\u00ed desarrollar pr\u00e1cticas y perspectivas emancipatorias. Este No Es un Atlas Mapeo colectivo Mapas crit\u00edcos Recursos<\/p>\n","category_list":"","author_info":{"name":"Orangotango Kollective","url":"https:\/\/orangotango.info\/es\/author\/redazione\/"},"comments_num":"0 comentarios","featured_image_urls_v2":{"full":"","thumbnail":"","medium":"","medium_large":"","large":"","1536x1536":"","2048x2048":""},"post_excerpt_stackable_v2":"<p>Bas\u00e1ndonos en una larga tradici\u00f3n de contracartograf\u00edas en los campos del arte, la ciencia y el activismo, utilizamos el poder de los mapas para hacer visibles todas aquellas perspectivas marginalizadas. El mapeo colectivo es una herramienta l\u00fadica por medio de la cual podemos analizar y visibilizar estructuras y procesos espaciales, pero tambi\u00e9n cuestionar el poder y las relaciones de poder y as\u00ed desarrollar pr\u00e1cticas y perspectivas emancipatorias. Este No Es un Atlas Mapeo colectivo Mapas crit\u00edcos Recursos<\/p>\n","category_list_v2":"","author_info_v2":{"name":"Orangotango Kollective","url":"https:\/\/orangotango.info\/es\/author\/redazione\/"},"comments_num_v2":"0 comentarios","acf":[],"yoast_head":"<!-- This site is optimized with the Yoast SEO plugin v25.1 - https:\/\/yoast.com\/wordpress\/plugins\/seo\/ -->\n<title>Cartograf\u00eda cr\u00edtica - Orangotango<\/title>\n<meta name=\"robots\" content=\"index, follow, max-snippet:-1, max-image-preview:large, max-video-preview:-1\" \/>\n<link rel=\"canonical\" href=\"https:\/\/orangotango.info\/es\/cartografia-critica\/\" \/>\n<meta property=\"og:locale\" content=\"es_ES\" \/>\n<meta property=\"og:type\" content=\"article\" \/>\n<meta property=\"og:title\" content=\"Cartograf\u00eda cr\u00edtica - Orangotango\" \/>\n<meta property=\"og:description\" content=\"Bas\u00e1ndonos en una larga tradici\u00f3n de contracartograf\u00edas en los campos del arte, la ciencia y el activismo, utilizamos el poder de los mapas para hacer visibles todas aquellas perspectivas marginalizadas. El mapeo colectivo es una herramienta l\u00fadica por medio de la cual podemos analizar y visibilizar estructuras y procesos espaciales, pero tambi\u00e9n cuestionar el poder [&hellip;]\" \/>\n<meta property=\"og:url\" content=\"https:\/\/orangotango.info\/es\/cartografia-critica\/\" \/>\n<meta property=\"og:site_name\" content=\"Orangotango\" \/>\n<meta property=\"article:modified_time\" content=\"2021-06-16T22:38:05+00:00\" \/>\n<meta property=\"og:image\" content=\"https:\/\/orangotango.info\/wp-content\/uploads\/2020\/10\/tinaa_logo.jpg\" \/>\n<meta name=\"twitter:card\" content=\"summary_large_image\" \/>\n<meta name=\"twitter:label1\" content=\"Tiempo de lectura\" \/>\n\t<meta name=\"twitter:data1\" content=\"2 minutos\" \/>\n<script type=\"application\/ld+json\" class=\"yoast-schema-graph\">{\"@context\":\"https:\/\/schema.org\",\"@graph\":[{\"@type\":\"WebPage\",\"@id\":\"https:\/\/orangotango.info\/es\/cartografia-critica\/\",\"url\":\"https:\/\/orangotango.info\/es\/cartografia-critica\/\",\"name\":\"Cartograf\u00eda cr\u00edtica - Orangotango\",\"isPartOf\":{\"@id\":\"https:\/\/orangotango.info\/es\/#website\"},\"primaryImageOfPage\":{\"@id\":\"https:\/\/orangotango.info\/es\/cartografia-critica\/#primaryimage\"},\"image\":{\"@id\":\"https:\/\/orangotango.info\/es\/cartografia-critica\/#primaryimage\"},\"thumbnailUrl\":\"https:\/\/orangotango.info\/wp-content\/uploads\/2020\/10\/tinaa_logo.jpg\",\"datePublished\":\"2020-06-18T13:03:31+00:00\",\"dateModified\":\"2021-06-16T22:38:05+00:00\",\"breadcrumb\":{\"@id\":\"https:\/\/orangotango.info\/es\/cartografia-critica\/#breadcrumb\"},\"inLanguage\":\"es\",\"potentialAction\":[{\"@type\":\"ReadAction\",\"target\":[\"https:\/\/orangotango.info\/es\/cartografia-critica\/\"]}]},{\"@type\":\"ImageObject\",\"inLanguage\":\"es\",\"@id\":\"https:\/\/orangotango.info\/es\/cartografia-critica\/#primaryimage\",\"url\":\"https:\/\/orangotango.info\/wp-content\/uploads\/2020\/10\/tinaa_logo.jpg\",\"contentUrl\":\"https:\/\/orangotango.info\/wp-content\/uploads\/2020\/10\/tinaa_logo.jpg\"},{\"@type\":\"BreadcrumbList\",\"@id\":\"https:\/\/orangotango.info\/es\/cartografia-critica\/#breadcrumb\",\"itemListElement\":[{\"@type\":\"ListItem\",\"position\":1,\"name\":\"Home\",\"item\":\"https:\/\/orangotango.info\/es\/\"},{\"@type\":\"ListItem\",\"position\":2,\"name\":\"Cartograf\u00eda cr\u00edtica\"}]},{\"@type\":\"WebSite\",\"@id\":\"https:\/\/orangotango.info\/es\/#website\",\"url\":\"https:\/\/orangotango.info\/es\/\",\"name\":\"Orangotango\",\"description\":\"Collective for Popular Education and Creative Protest\",\"potentialAction\":[{\"@type\":\"SearchAction\",\"target\":{\"@type\":\"EntryPoint\",\"urlTemplate\":\"https:\/\/orangotango.info\/es\/?s={search_term_string}\"},\"query-input\":{\"@type\":\"PropertyValueSpecification\",\"valueRequired\":true,\"valueName\":\"search_term_string\"}}],\"inLanguage\":\"es\"}]}<\/script>\n<!-- \/ Yoast SEO plugin. -->","yoast_head_json":{"title":"Cartograf\u00eda cr\u00edtica - Orangotango","robots":{"index":"index","follow":"follow","max-snippet":"max-snippet:-1","max-image-preview":"max-image-preview:large","max-video-preview":"max-video-preview:-1"},"canonical":"https:\/\/orangotango.info\/es\/cartografia-critica\/","og_locale":"es_ES","og_type":"article","og_title":"Cartograf\u00eda cr\u00edtica - Orangotango","og_description":"Bas\u00e1ndonos en una larga tradici\u00f3n de contracartograf\u00edas en los campos del arte, la ciencia y el activismo, utilizamos el poder de los mapas para hacer visibles todas aquellas perspectivas marginalizadas. El mapeo colectivo es una herramienta l\u00fadica por medio de la cual podemos analizar y visibilizar estructuras y procesos espaciales, pero tambi\u00e9n cuestionar el poder [&hellip;]","og_url":"https:\/\/orangotango.info\/es\/cartografia-critica\/","og_site_name":"Orangotango","article_modified_time":"2021-06-16T22:38:05+00:00","og_image":[{"url":"https:\/\/orangotango.info\/wp-content\/uploads\/2020\/10\/tinaa_logo.jpg","type":"","width":"","height":""}],"twitter_card":"summary_large_image","twitter_misc":{"Tiempo de lectura":"2 minutos"},"schema":{"@context":"https:\/\/schema.org","@graph":[{"@type":"WebPage","@id":"https:\/\/orangotango.info\/es\/cartografia-critica\/","url":"https:\/\/orangotango.info\/es\/cartografia-critica\/","name":"Cartograf\u00eda cr\u00edtica - Orangotango","isPartOf":{"@id":"https:\/\/orangotango.info\/es\/#website"},"primaryImageOfPage":{"@id":"https:\/\/orangotango.info\/es\/cartografia-critica\/#primaryimage"},"image":{"@id":"https:\/\/orangotango.info\/es\/cartografia-critica\/#primaryimage"},"thumbnailUrl":"https:\/\/orangotango.info\/wp-content\/uploads\/2020\/10\/tinaa_logo.jpg","datePublished":"2020-06-18T13:03:31+00:00","dateModified":"2021-06-16T22:38:05+00:00","breadcrumb":{"@id":"https:\/\/orangotango.info\/es\/cartografia-critica\/#breadcrumb"},"inLanguage":"es","potentialAction":[{"@type":"ReadAction","target":["https:\/\/orangotango.info\/es\/cartografia-critica\/"]}]},{"@type":"ImageObject","inLanguage":"es","@id":"https:\/\/orangotango.info\/es\/cartografia-critica\/#primaryimage","url":"https:\/\/orangotango.info\/wp-content\/uploads\/2020\/10\/tinaa_logo.jpg","contentUrl":"https:\/\/orangotango.info\/wp-content\/uploads\/2020\/10\/tinaa_logo.jpg"},{"@type":"BreadcrumbList","@id":"https:\/\/orangotango.info\/es\/cartografia-critica\/#breadcrumb","itemListElement":[{"@type":"ListItem","position":1,"name":"Home","item":"https:\/\/orangotango.info\/es\/"},{"@type":"ListItem","position":2,"name":"Cartograf\u00eda cr\u00edtica"}]},{"@type":"WebSite","@id":"https:\/\/orangotango.info\/es\/#website","url":"https:\/\/orangotango.info\/es\/","name":"Orangotango","description":"Collective for Popular Education and Creative Protest","potentialAction":[{"@type":"SearchAction","target":{"@type":"EntryPoint","urlTemplate":"https:\/\/orangotango.info\/es\/?s={search_term_string}"},"query-input":{"@type":"PropertyValueSpecification","valueRequired":true,"valueName":"search_term_string"}}],"inLanguage":"es"}]}},"uagb_featured_image_src":{"full":false,"thumbnail":false,"medium":false,"medium_large":false,"large":false,"1536x1536":false,"2048x2048":false},"uagb_author_info":{"display_name":"Orangotango Kollective","author_link":"https:\/\/orangotango.info\/es\/author\/redazione\/"},"uagb_comment_info":0,"uagb_excerpt":"Bas\u00e1ndonos en una larga tradici\u00f3n de contracartograf\u00edas en los campos del arte, la ciencia y el activismo, utilizamos el poder de los mapas para hacer visibles todas aquellas perspectivas marginalizadas. El mapeo colectivo es una herramienta l\u00fadica por medio de la cual podemos analizar y visibilizar estructuras y procesos espaciales, pero tambi\u00e9n cuestionar el poder&hellip;","_links":{"self":[{"href":"https:\/\/orangotango.info\/es\/wp-json\/wp\/v2\/pages\/4173","targetHints":{"allow":["GET"]}}],"collection":[{"href":"https:\/\/orangotango.info\/es\/wp-json\/wp\/v2\/pages"}],"about":[{"href":"https:\/\/orangotango.info\/es\/wp-json\/wp\/v2\/types\/page"}],"author":[{"embeddable":true,"href":"https:\/\/orangotango.info\/es\/wp-json\/wp\/v2\/users\/1"}],"replies":[{"embeddable":true,"href":"https:\/\/orangotango.info\/es\/wp-json\/wp\/v2\/comments?post=4173"}],"version-history":[{"count":11,"href":"https:\/\/orangotango.info\/es\/wp-json\/wp\/v2\/pages\/4173\/revisions"}],"predecessor-version":[{"id":6488,"href":"https:\/\/orangotango.info\/es\/wp-json\/wp\/v2\/pages\/4173\/revisions\/6488"}],"wp:attachment":[{"href":"https:\/\/orangotango.info\/es\/wp-json\/wp\/v2\/media?parent=4173"}],"curies":[{"name":"wp","href":"https:\/\/api.w.org\/{rel}","templated":true}]}}